{"id":1277,"date":"2025-01-08T11:47:28","date_gmt":"2025-01-08T10:47:28","guid":{"rendered":"https:\/\/www.hollandhuisje.nl\/omgeving\/"},"modified":"2025-02-14T16:01:19","modified_gmt":"2025-02-14T15:01:19","slug":"omgeving","status":"publish","type":"page","link":"https:\/\/www.hollandhuisje.nl\/fr\/omgeving\/","title":{"rendered":"Environnements"},"content":{"rendered":"\t\t<div data-elementor-type=\"wp-page\" data-elementor-id=\"1277\" class=\"elementor elementor-1277 elementor-584\" data-elementor-post-type=\"page\">\n\t\t\t\t<div class=\"elementor-element elementor-element-7b9942ba e-flex e-con-boxed e-con e-parent\" data-id=\"7b9942ba\" data-element_type=\"container\" data-e-type=\"container\" data-settings=\"{&quot;background_background&quot;:&quot;slideshow&quot;,&quot;shape_divider_bottom&quot;:&quot;waves&quot;,&quot;background_slideshow_gallery&quot;:[{&quot;id&quot;:618,&quot;url&quot;:&quot;https:\\\/\\\/www.hollandhuisje.nl\\\/wp-content\\\/uploads\\\/2025\\\/01\\\/IMG_0500-59-n_161029_@JG-Digital-Design_161029_@JG-Digital-Design.jpg&quot;},{&quot;id&quot;:853,&quot;url&quot;:&quot;https:\\\/\\\/www.hollandhuisje.nl\\\/wp-content\\\/uploads\\\/2025\\\/01\\\/iStock-1186780993.jpg&quot;},{&quot;id&quot;:617,&quot;url&quot;:&quot;https:\\\/\\\/www.hollandhuisje.nl\\\/wp-content\\\/uploads\\\/2025\\\/01\\\/Zeeland-JG-Foto_8382_150925_@JG-Digital-Design_150925_@JG-Digital-Design.jpg&quot;},{&quot;id&quot;:855,&quot;url&quot;:&quot;https:\\\/\\\/www.hollandhuisje.nl\\\/wp-content\\\/uploads\\\/2025\\\/01\\\/Zeeland-JG-Foto_8268_150925_@JG-Digital-Design.de_150925_@JG-Digital-Design.de_.jpg&quot;},{&quot;id&quot;:854,&quot;url&quot;:&quot;https:\\\/\\\/www.hollandhuisje.nl\\\/wp-content\\\/uploads\\\/2025\\\/01\\\/Strand-Renesse-Urlaub-mit-Hund-scaled.jpeg&quot;},{&quot;id&quot;:852,&quot;url&quot;:&quot;https:\\\/\\\/www.hollandhuisje.nl\\\/wp-content\\\/uploads\\\/2025\\\/01\\\/DJI_0525_220714__220714_.jpg&quot;},{&quot;id&quot;:851,&quot;url&quot;:&quot;https:\\\/\\\/www.hollandhuisje.nl\\\/wp-content\\\/uploads\\\/2025\\\/01\\\/4C6A1824-Kopie_220703_@JG-Digital-Design.jpg&quot;}],&quot;background_slideshow_loop&quot;:&quot;yes&quot;,&quot;background_slideshow_slide_duration&quot;:5000,&quot;background_slideshow_slide_transition&quot;:&quot;fade&quot;,&quot;background_slideshow_transition_duration&quot;:500}\">\n\t\t\t\t\t<div class=\"e-con-inner\">\n\t\t\t\t<div class=\"elementor-shape elementor-shape-bottom\" aria-hidden=\"true\" data-negative=\"false\">\n\t\t\t<svg xmlns=\"http:\/\/www.w3.org\/2000\/svg\" viewBox=\"0 0 1000 100\" preserveAspectRatio=\"none\">\n\t<path class=\"elementor-shape-fill\" d=\"M421.9,6.5c22.6-2.5,51.5,0.4,75.5,5.3c23.6,4.9,70.9,23.5,100.5,35.7c75.8,32.2,133.7,44.5,192.6,49.7\n\tc23.6,2.1,48.7,3.5,103.4-2.5c54.7-6,106.2-25.6,106.2-25.6V0H0v30.3c0,0,72,32.6,158.4,30.5c39.2-0.7,92.8-6.7,134-22.4\n\tc21.2-8.1,52.2-18.2,79.7-24.2C399.3,7.9,411.6,7.5,421.9,6.5z\"\/>\n<\/svg>\t\t<\/div>\n\t\t<div class=\"elementor-element elementor-element-11a188cd e-con-full e-flex e-con e-child\" data-id=\"11a188cd\" data-element_type=\"container\" data-e-type=\"container\">\n\t\t\t\t<div class=\"elementor-element elementor-element-31d3b726 elementor-widget elementor-widget-heading\" data-id=\"31d3b726\" data-element_type=\"widget\" data-e-type=\"widget\" data-widget_type=\"heading.default\">\n\t\t\t\t<div class=\"elementor-widget-container\">\n\t\t\t\t\t<h2 class=\"elementor-heading-title elementor-size-default\">Environnements<\/h2>\t\t\t\t<\/div>\n\t\t\t\t<\/div>\n\t\t\t\t<\/div>\n\t\t\t\t\t<\/div>\n\t\t\t\t<\/div>\n\t\t<div class=\"elementor-element elementor-element-144ff00 e-flex e-con-boxed e-con e-parent\" data-id=\"144ff00\" data-element_type=\"container\" data-e-type=\"container\" data-settings=\"{&quot;background_background&quot;:&quot;classic&quot;}\">\n\t\t\t\t\t<div class=\"e-con-inner\">\n\t\t\t\t<div class=\"elementor-element elementor-element-3f49574 elementor-widget elementor-widget-heading\" data-id=\"3f49574\" data-element_type=\"widget\" data-e-type=\"widget\" data-widget_type=\"heading.default\">\n\t\t\t\t<div class=\"elementor-widget-container\">\n\t\t\t\t\t<h2 class=\"elementor-heading-title elementor-size-default\">Nous louons des logements dans diff\u00e9rents environnements<\/h2>\t\t\t\t<\/div>\n\t\t\t\t<\/div>\n\t\t\t\t<div class=\"elementor-element elementor-element-bfd1501 elementor-widget elementor-widget-text-editor\" data-id=\"bfd1501\" data-element_type=\"widget\" data-e-type=\"widget\" data-widget_type=\"text-editor.default\">\n\t\t\t\t<div class=\"elementor-widget-container\">\n\t\t\t\t\t\t\t\t\t<p>Il y en a pour tous les go\u00fbts. Optez-vous pour une maison de vacances en Z\u00e9lande ? Ou pr\u00e9f\u00e9rez-vous l&rsquo;Espagne ou l&rsquo;Italie ?  <\/p>\t\t\t\t\t\t\t\t<\/div>\n\t\t\t\t<\/div>\n\t\t\t\t\t<\/div>\n\t\t\t\t<\/div>\n\t\t<div class=\"elementor-element elementor-element-cf8c0f8 e-flex e-con-boxed e-con e-parent\" data-id=\"cf8c0f8\" data-element_type=\"container\" data-e-type=\"container\" data-settings=\"{&quot;shape_divider_bottom&quot;:&quot;waves&quot;}\">\n\t\t\t\t\t<div class=\"e-con-inner\">\n\t\t\t\t<div class=\"elementor-shape elementor-shape-bottom\" aria-hidden=\"true\" data-negative=\"false\">\n\t\t\t<svg xmlns=\"http:\/\/www.w3.org\/2000\/svg\" viewBox=\"0 0 1000 100\" preserveAspectRatio=\"none\">\n\t<path class=\"elementor-shape-fill\" d=\"M421.9,6.5c22.6-2.5,51.5,0.4,75.5,5.3c23.6,4.9,70.9,23.5,100.5,35.7c75.8,32.2,133.7,44.5,192.6,49.7\n\tc23.6,2.1,48.7,3.5,103.4-2.5c54.7-6,106.2-25.6,106.2-25.6V0H0v30.3c0,0,72,32.6,158.4,30.5c39.2-0.7,92.8-6.7,134-22.4\n\tc21.2-8.1,52.2-18.2,79.7-24.2C399.3,7.9,411.6,7.5,421.9,6.5z\"\/>\n<\/svg>\t\t<\/div>\n\t\t<div class=\"elementor-element elementor-element-b555c56 e-con-full e-flex e-con e-child\" data-id=\"b555c56\" data-element_type=\"container\" data-e-type=\"container\">\n\t\t\t\t<div class=\"elementor-element elementor-element-503d40e elementor-cta--skin-cover elementor-animated-content elementor-bg-transform elementor-bg-transform-zoom-in elementor-widget elementor-widget-call-to-action\" data-id=\"503d40e\" data-element_type=\"widget\" data-e-type=\"widget\" data-widget_type=\"call-to-action.default\">\n\t\t\t\t<div class=\"elementor-widget-container\">\n\t\t\t\t\t\t\t<div class=\"elementor-cta\">\n\t\t\t\t\t<div class=\"elementor-cta__bg-wrapper\">\n\t\t\t\t<div class=\"elementor-cta__bg elementor-bg\" style=\"background-image: url(https:\/\/www.hollandhuisje.nl\/wp-content\/uploads\/2025\/01\/Zeeland-JG-Foto_8360-2_150925_@JG-Digital-Design_150925_@JG-Digital-Design-1024x683.jpg);\" role=\"img\" aria-label=\"_Zeeland-JG-Foto_8360 (2)_150925_@JG Digital Design_150925_@JG Digital Design\"><\/div>\n\t\t\t\t<div class=\"elementor-cta__bg-overlay\"><\/div>\n\t\t\t<\/div>\n\t\t\t\t\t\t\t<div class=\"elementor-cta__content\">\n\t\t\t\t\n\t\t\t\t\t\t\t\t\t<h2 class=\"elementor-cta__title elementor-cta__content-item elementor-content-item elementor-animated-item--grow\">\n\t\t\t\t\t\tZ\u00e9lande\t\t\t\t\t<\/h2>\n\t\t\t\t\n\t\t\t\t\n\t\t\t\t\t\t\t\t\t<div class=\"elementor-cta__button-wrapper elementor-cta__content-item elementor-content-item elementor-animated-item--grow\">\n\t\t\t\t\t<a class=\"elementor-cta__button elementor-button elementor-size-\" href=\"https:\/\/www.hollandhuisje.nl\/omgeving\/zeeland\/\">\n\t\t\t\t\t\tPlus d'informations\t\t\t\t\t<\/a>\n\t\t\t\t\t<\/div>\n\t\t\t\t\t\t\t<\/div>\n\t\t\t\t\t\t<\/div>\n\t\t\t\t\t\t<\/div>\n\t\t\t\t<\/div>\n\t\t\t\t<\/div>\n\t\t<div class=\"elementor-element elementor-element-5a11604 e-con-full e-flex e-con e-child\" data-id=\"5a11604\" data-element_type=\"container\" data-e-type=\"container\">\n\t\t\t\t<div class=\"elementor-element elementor-element-ceea58a elementor-cta--skin-cover elementor-animated-content elementor-bg-transform elementor-bg-transform-zoom-in elementor-widget elementor-widget-call-to-action\" data-id=\"ceea58a\" data-element_type=\"widget\" data-e-type=\"widget\" data-widget_type=\"call-to-action.default\">\n\t\t\t\t<div class=\"elementor-widget-container\">\n\t\t\t\t\t\t\t<div class=\"elementor-cta\">\n\t\t\t\t\t<div class=\"elementor-cta__bg-wrapper\">\n\t\t\t\t<div class=\"elementor-cta__bg elementor-bg\" style=\"background-image: url(https:\/\/www.hollandhuisje.nl\/wp-content\/uploads\/2025\/01\/20230924_170429-1-683x1024.jpg);\" role=\"img\" aria-label=\"_20230924_170429\"><\/div>\n\t\t\t\t<div class=\"elementor-cta__bg-overlay\"><\/div>\n\t\t\t<\/div>\n\t\t\t\t\t\t\t<div class=\"elementor-cta__content\">\n\t\t\t\t\n\t\t\t\t\t\t\t\t\t<h2 class=\"elementor-cta__title elementor-cta__content-item elementor-content-item elementor-animated-item--grow\">\n\t\t\t\t\t\tCollines d'Altea\t\t\t\t\t<\/h2>\n\t\t\t\t\n\t\t\t\t\n\t\t\t\t\t\t\t\t\t<div class=\"elementor-cta__button-wrapper elementor-cta__content-item elementor-content-item elementor-animated-item--grow\">\n\t\t\t\t\t<a class=\"elementor-cta__button elementor-button elementor-size-\" href=\"https:\/\/www.hollandhuisje.nl\/omgeving\/spanje-altea-hills\/\">\n\t\t\t\t\t\tPlus d'informations\t\t\t\t\t<\/a>\n\t\t\t\t\t<\/div>\n\t\t\t\t\t\t\t<\/div>\n\t\t\t\t\t\t<\/div>\n\t\t\t\t\t\t<\/div>\n\t\t\t\t<\/div>\n\t\t\t\t<\/div>\n\t\t<div class=\"elementor-element elementor-element-3558afb e-con-full e-flex e-con e-child\" data-id=\"3558afb\" data-element_type=\"container\" data-e-type=\"container\">\n\t\t\t\t<div class=\"elementor-element elementor-element-7a16f28 elementor-cta--skin-cover elementor-animated-content elementor-bg-transform elementor-bg-transform-zoom-in elementor-widget elementor-widget-call-to-action\" data-id=\"7a16f28\" data-element_type=\"widget\" data-e-type=\"widget\" data-widget_type=\"call-to-action.default\">\n\t\t\t\t<div class=\"elementor-widget-container\">\n\t\t\t\t\t\t\t<div class=\"elementor-cta\">\n\t\t\t\t\t<div class=\"elementor-cta__bg-wrapper\">\n\t\t\t\t<div class=\"elementor-cta__bg elementor-bg\" style=\"background-image: url(https:\/\/www.hollandhuisje.nl\/wp-content\/uploads\/2025\/01\/iStock-878908814-1024x683.jpg);\" role=\"img\" aria-label=\"_iStock-878908814\"><\/div>\n\t\t\t\t<div class=\"elementor-cta__bg-overlay\"><\/div>\n\t\t\t<\/div>\n\t\t\t\t\t\t\t<div class=\"elementor-cta__content\">\n\t\t\t\t\n\t\t\t\t\t\t\t\t\t<h2 class=\"elementor-cta__title elementor-cta__content-item elementor-content-item elementor-animated-item--grow\">\n\t\t\t\t\t\tToscane\t\t\t\t\t<\/h2>\n\t\t\t\t\n\t\t\t\t\n\t\t\t\t\t\t\t\t\t<div class=\"elementor-cta__button-wrapper elementor-cta__content-item elementor-content-item elementor-animated-item--grow\">\n\t\t\t\t\t<a class=\"elementor-cta__button elementor-button elementor-size-\" href=\"https:\/\/www.hollandhuisje.nl\/omgeving\/italie-toscane\/\">\n\t\t\t\t\t\tPlus d'informations\t\t\t\t\t<\/a>\n\t\t\t\t\t<\/div>\n\t\t\t\t\t\t\t<\/div>\n\t\t\t\t\t\t<\/div>\n\t\t\t\t\t\t<\/div>\n\t\t\t\t<\/div>\n\t\t\t\t<\/div>\n\t\t\t\t\t<\/div>\n\t\t\t\t<\/div>\n\t\t\t\t<\/div>\n\t\t","protected":false},"excerpt":{"rendered":"<p>Nous louons des logements dans diff\u00e9rents environnements Il y en a pour tous les go\u00fbts. Optez-vous pour une maison de vacances en Z\u00e9lande ? Ou pr\u00e9f\u00e9rez-vous l&rsquo;Espagne ou l&rsquo;Italie ? Z\u00e9lande Plus d&rsquo;informations Collines d&rsquo;Altea Plus d&rsquo;informations Toscane Plus d&rsquo;informations<\/p>\n","protected":false},"author":1,"featured_media":0,"parent":0,"menu_order":0,"comment_status":"closed","ping_status":"closed","template":"","meta":{"footnotes":""},"class_list":["post-1277","page","type-page","status-publish","hentry"],"yoast_head":"<!-- This site is optimized with the Yoast SEO plugin v27.3 - https:\/\/yoast.com\/product\/yoast-seo-wordpress\/ -->\n<title>Environnements - Holland Huisje<\/title>\n<meta name=\"robots\" content=\"index, follow, max-snippet:-1, max-image-preview:large, max-video-preview:-1\" \/>\n<meta property=\"og:locale\" content=\"fr_FR\" \/>\n<meta property=\"og:type\" content=\"article\" \/>\n<meta property=\"og:title\" content=\"Environnements - Holland Huisje\" \/>\n<meta property=\"og:description\" content=\"Nous louons des logements dans diff\u00e9rents environnements Il y en a pour tous les go\u00fbts. Optez-vous pour une maison de vacances en Z\u00e9lande ? Ou pr\u00e9f\u00e9rez-vous l&rsquo;Espagne ou l&rsquo;Italie ? Z\u00e9lande Plus d&rsquo;informations Collines d&rsquo;Altea Plus d&rsquo;informations Toscane Plus d&rsquo;informations\" \/>\n<meta property=\"og:url\" content=\"https:\/\/www.hollandhuisje.nl\/fr\/omgeving\/\" \/>\n<meta property=\"og:site_name\" content=\"Holland Huisje\" \/>\n<meta property=\"article:modified_time\" content=\"2025-02-14T15:01:19+00:00\" \/>\n<meta name=\"twitter:card\" content=\"summary_large_image\" \/>\n<script type=\"application\/ld+json\" class=\"yoast-schema-graph\">{\"@context\":\"https:\\\/\\\/schema.org\",\"@graph\":[{\"@type\":\"WebPage\",\"@id\":\"https:\\\/\\\/www.hollandhuisje.nl\\\/fr\\\/omgeving\\\/\",\"url\":\"https:\\\/\\\/www.hollandhuisje.nl\\\/fr\\\/omgeving\\\/\",\"name\":\"Environnements - Holland Huisje\",\"isPartOf\":{\"@id\":\"https:\\\/\\\/www.hollandhuisje.nl\\\/#website\"},\"datePublished\":\"2025-01-08T10:47:28+00:00\",\"dateModified\":\"2025-02-14T15:01:19+00:00\",\"breadcrumb\":{\"@id\":\"https:\\\/\\\/www.hollandhuisje.nl\\\/fr\\\/omgeving\\\/#breadcrumb\"},\"inLanguage\":\"fr-FR\",\"potentialAction\":[{\"@type\":\"ReadAction\",\"target\":[\"https:\\\/\\\/www.hollandhuisje.nl\\\/fr\\\/omgeving\\\/\"]}]},{\"@type\":\"BreadcrumbList\",\"@id\":\"https:\\\/\\\/www.hollandhuisje.nl\\\/fr\\\/omgeving\\\/#breadcrumb\",\"itemListElement\":[{\"@type\":\"ListItem\",\"position\":1,\"name\":\"Home\",\"item\":\"https:\\\/\\\/www.hollandhuisje.nl\\\/fr\\\/verhuur-van-vakantiehuizen-zeeland-altea-hills-spanje-toscane\\\/\"},{\"@type\":\"ListItem\",\"position\":2,\"name\":\"Environnements\"}]},{\"@type\":\"WebSite\",\"@id\":\"https:\\\/\\\/www.hollandhuisje.nl\\\/#website\",\"url\":\"https:\\\/\\\/www.hollandhuisje.nl\\\/\",\"name\":\"Holland Huisje\",\"description\":\"\",\"publisher\":{\"@id\":\"https:\\\/\\\/www.hollandhuisje.nl\\\/#organization\"},\"potentialAction\":[{\"@type\":\"SearchAction\",\"target\":{\"@type\":\"EntryPoint\",\"urlTemplate\":\"https:\\\/\\\/www.hollandhuisje.nl\\\/?s={search_term_string}\"},\"query-input\":{\"@type\":\"PropertyValueSpecification\",\"valueRequired\":true,\"valueName\":\"search_term_string\"}}],\"inLanguage\":\"fr-FR\"},{\"@type\":\"Organization\",\"@id\":\"https:\\\/\\\/www.hollandhuisje.nl\\\/#organization\",\"name\":\"Holland Huisje\",\"url\":\"https:\\\/\\\/www.hollandhuisje.nl\\\/\",\"logo\":{\"@type\":\"ImageObject\",\"inLanguage\":\"fr-FR\",\"@id\":\"https:\\\/\\\/www.hollandhuisje.nl\\\/#\\\/schema\\\/logo\\\/image\\\/\",\"url\":\"https:\\\/\\\/www.hollandhuisje.nl\\\/wp-content\\\/uploads\\\/2026\\\/02\\\/logo.png\",\"contentUrl\":\"https:\\\/\\\/www.hollandhuisje.nl\\\/wp-content\\\/uploads\\\/2026\\\/02\\\/logo.png\",\"width\":390,\"height\":208,\"caption\":\"Holland Huisje\"},\"image\":{\"@id\":\"https:\\\/\\\/www.hollandhuisje.nl\\\/#\\\/schema\\\/logo\\\/image\\\/\"}}]}<\/script>\n<!-- \/ Yoast SEO plugin. -->","yoast_head_json":{"title":"Environnements - Holland Huisje","robots":{"index":"index","follow":"follow","max-snippet":"max-snippet:-1","max-image-preview":"max-image-preview:large","max-video-preview":"max-video-preview:-1"},"og_locale":"fr_FR","og_type":"article","og_title":"Environnements - Holland Huisje","og_description":"Nous louons des logements dans diff\u00e9rents environnements Il y en a pour tous les go\u00fbts. Optez-vous pour une maison de vacances en Z\u00e9lande ? Ou pr\u00e9f\u00e9rez-vous l&rsquo;Espagne ou l&rsquo;Italie ? Z\u00e9lande Plus d&rsquo;informations Collines d&rsquo;Altea Plus d&rsquo;informations Toscane Plus d&rsquo;informations","og_url":"https:\/\/www.hollandhuisje.nl\/fr\/omgeving\/","og_site_name":"Holland Huisje","article_modified_time":"2025-02-14T15:01:19+00:00","twitter_card":"summary_large_image","schema":{"@context":"https:\/\/schema.org","@graph":[{"@type":"WebPage","@id":"https:\/\/www.hollandhuisje.nl\/fr\/omgeving\/","url":"https:\/\/www.hollandhuisje.nl\/fr\/omgeving\/","name":"Environnements - Holland Huisje","isPartOf":{"@id":"https:\/\/www.hollandhuisje.nl\/#website"},"datePublished":"2025-01-08T10:47:28+00:00","dateModified":"2025-02-14T15:01:19+00:00","breadcrumb":{"@id":"https:\/\/www.hollandhuisje.nl\/fr\/omgeving\/#breadcrumb"},"inLanguage":"fr-FR","potentialAction":[{"@type":"ReadAction","target":["https:\/\/www.hollandhuisje.nl\/fr\/omgeving\/"]}]},{"@type":"BreadcrumbList","@id":"https:\/\/www.hollandhuisje.nl\/fr\/omgeving\/#breadcrumb","itemListElement":[{"@type":"ListItem","position":1,"name":"Home","item":"https:\/\/www.hollandhuisje.nl\/fr\/verhuur-van-vakantiehuizen-zeeland-altea-hills-spanje-toscane\/"},{"@type":"ListItem","position":2,"name":"Environnements"}]},{"@type":"WebSite","@id":"https:\/\/www.hollandhuisje.nl\/#website","url":"https:\/\/www.hollandhuisje.nl\/","name":"Holland Huisje","description":"","publisher":{"@id":"https:\/\/www.hollandhuisje.nl\/#organization"},"potentialAction":[{"@type":"SearchAction","target":{"@type":"EntryPoint","urlTemplate":"https:\/\/www.hollandhuisje.nl\/?s={search_term_string}"},"query-input":{"@type":"PropertyValueSpecification","valueRequired":true,"valueName":"search_term_string"}}],"inLanguage":"fr-FR"},{"@type":"Organization","@id":"https:\/\/www.hollandhuisje.nl\/#organization","name":"Holland Huisje","url":"https:\/\/www.hollandhuisje.nl\/","logo":{"@type":"ImageObject","inLanguage":"fr-FR","@id":"https:\/\/www.hollandhuisje.nl\/#\/schema\/logo\/image\/","url":"https:\/\/www.hollandhuisje.nl\/wp-content\/uploads\/2026\/02\/logo.png","contentUrl":"https:\/\/www.hollandhuisje.nl\/wp-content\/uploads\/2026\/02\/logo.png","width":390,"height":208,"caption":"Holland Huisje"},"image":{"@id":"https:\/\/www.hollandhuisje.nl\/#\/schema\/logo\/image\/"}}]}},"_links":{"self":[{"href":"https:\/\/www.hollandhuisje.nl\/fr\/wp-json\/wp\/v2\/pages\/1277","targetHints":{"allow":["GET"]}}],"collection":[{"href":"https:\/\/www.hollandhuisje.nl\/fr\/wp-json\/wp\/v2\/pages"}],"about":[{"href":"https:\/\/www.hollandhuisje.nl\/fr\/wp-json\/wp\/v2\/types\/page"}],"author":[{"embeddable":true,"href":"https:\/\/www.hollandhuisje.nl\/fr\/wp-json\/wp\/v2\/users\/1"}],"replies":[{"embeddable":true,"href":"https:\/\/www.hollandhuisje.nl\/fr\/wp-json\/wp\/v2\/comments?post=1277"}],"version-history":[{"count":1,"href":"https:\/\/www.hollandhuisje.nl\/fr\/wp-json\/wp\/v2\/pages\/1277\/revisions"}],"predecessor-version":[{"id":1287,"href":"https:\/\/www.hollandhuisje.nl\/fr\/wp-json\/wp\/v2\/pages\/1277\/revisions\/1287"}],"wp:attachment":[{"href":"https:\/\/www.hollandhuisje.nl\/fr\/wp-json\/wp\/v2\/media?parent=1277"}],"curies":[{"name":"wp","href":"https:\/\/api.w.org\/{rel}","templated":true}]}}