{"id":1119,"date":"2025-01-08T12:03:47","date_gmt":"2025-01-08T11:03:47","guid":{"rendered":"https:\/\/www.hollandhuisje.nl\/spanje-altea-hills\/"},"modified":"2025-02-17T11:12:13","modified_gmt":"2025-02-17T10:12:13","slug":"spanje-altea-hills","status":"publish","type":"page","link":"https:\/\/www.hollandhuisje.nl\/fr\/omgeving\/spanje-altea-hills\/","title":{"rendered":"Espagne, Altea Hills"},"content":{"rendered":"\t\t<div data-elementor-type=\"wp-page\" data-elementor-id=\"1119\" class=\"elementor elementor-1119 elementor-596\" data-elementor-post-type=\"page\">\n\t\t\t\t<div class=\"elementor-element elementor-element-2260d139 e-flex e-con-boxed e-con e-parent\" data-id=\"2260d139\" data-element_type=\"container\" data-e-type=\"container\" data-settings=\"{&quot;background_background&quot;:&quot;slideshow&quot;,&quot;shape_divider_bottom&quot;:&quot;waves&quot;,&quot;background_slideshow_gallery&quot;:[{&quot;id&quot;:709,&quot;url&quot;:&quot;https:\\\/\\\/www.hollandhuisje.nl\\\/wp-content\\\/uploads\\\/2025\\\/01\\\/MG_8589.jpg&quot;},{&quot;id&quot;:713,&quot;url&quot;:&quot;https:\\\/\\\/www.hollandhuisje.nl\\\/wp-content\\\/uploads\\\/2025\\\/01\\\/iStock-685759410.jpg&quot;},{&quot;id&quot;:687,&quot;url&quot;:&quot;https:\\\/\\\/www.hollandhuisje.nl\\\/wp-content\\\/uploads\\\/2025\\\/01\\\/00.jpg&quot;},{&quot;id&quot;:711,&quot;url&quot;:&quot;https:\\\/\\\/www.hollandhuisje.nl\\\/wp-content\\\/uploads\\\/2025\\\/01\\\/DSCF2225.jpg&quot;}],&quot;background_slideshow_loop&quot;:&quot;yes&quot;,&quot;background_slideshow_slide_duration&quot;:5000,&quot;background_slideshow_slide_transition&quot;:&quot;fade&quot;,&quot;background_slideshow_transition_duration&quot;:500}\">\n\t\t\t\t\t<div class=\"e-con-inner\">\n\t\t\t\t<div class=\"elementor-shape elementor-shape-bottom\" aria-hidden=\"true\" data-negative=\"false\">\n\t\t\t<svg xmlns=\"http:\/\/www.w3.org\/2000\/svg\" viewBox=\"0 0 1000 100\" preserveAspectRatio=\"none\">\n\t<path class=\"elementor-shape-fill\" d=\"M421.9,6.5c22.6-2.5,51.5,0.4,75.5,5.3c23.6,4.9,70.9,23.5,100.5,35.7c75.8,32.2,133.7,44.5,192.6,49.7\n\tc23.6,2.1,48.7,3.5,103.4-2.5c54.7-6,106.2-25.6,106.2-25.6V0H0v30.3c0,0,72,32.6,158.4,30.5c39.2-0.7,92.8-6.7,134-22.4\n\tc21.2-8.1,52.2-18.2,79.7-24.2C399.3,7.9,411.6,7.5,421.9,6.5z\"\/>\n<\/svg>\t\t<\/div>\n\t\t<div class=\"elementor-element elementor-element-45f6a92 e-con-full e-flex e-con e-child\" data-id=\"45f6a92\" data-element_type=\"container\" data-e-type=\"container\">\n\t\t\t\t<div class=\"elementor-element elementor-element-fca55cb elementor-widget elementor-widget-heading\" data-id=\"fca55cb\" data-element_type=\"widget\" data-e-type=\"widget\" data-widget_type=\"heading.default\">\n\t\t\t\t<div class=\"elementor-widget-container\">\n\t\t\t\t\t<h2 class=\"elementor-heading-title elementor-size-default\">Espagne, Altea Hills<\/h2>\t\t\t\t<\/div>\n\t\t\t\t<\/div>\n\t\t\t\t<\/div>\n\t\t\t\t\t<\/div>\n\t\t\t\t<\/div>\n\t\t<div class=\"elementor-element elementor-element-41d302db e-flex e-con-boxed e-con e-parent\" data-id=\"41d302db\" data-element_type=\"container\" data-e-type=\"container\" data-settings=\"{&quot;background_background&quot;:&quot;classic&quot;}\">\n\t\t\t\t\t<div class=\"e-con-inner\">\n\t\t\t\t<div class=\"elementor-element elementor-element-6399d8d8 elementor-widget elementor-widget-heading\" data-id=\"6399d8d8\" data-element_type=\"widget\" data-e-type=\"widget\" data-widget_type=\"heading.default\">\n\t\t\t\t<div class=\"elementor-widget-container\">\n\t\t\t\t\t<h2 class=\"elementor-heading-title elementor-size-default\">Altea Hills sur la magnifique Costa Blanca<\/h2>\t\t\t\t<\/div>\n\t\t\t\t<\/div>\n\t\t\t\t<div class=\"elementor-element elementor-element-2d86422f elementor-widget elementor-widget-text-editor\" data-id=\"2d86422f\" data-element_type=\"widget\" data-e-type=\"widget\" data-widget_type=\"text-editor.default\">\n\t\t\t\t<div class=\"elementor-widget-container\">\n\t\t\t\t\t\t\t\t\t<div class=\"elementor-element elementor-element-2e0f5ef elementor-widget elementor-widget-text-editor\" data-id=\"2e0f5ef\" data-element_type=\"widget\" data-widget_type=\"text-editor.default\"><div class=\"elementor-widget-container\"><p>Altea Hills, sur la magnifique Costa Blanca, est pittoresquement situ\u00e9 dans un enclos naturel de belles collines vertes avec des vues \u00e0 couper le souffle sur la mer M\u00e9diterran\u00e9e. Le quartier des villas est une oasis de tranquillit\u00e9 et offre un sentiment d&rsquo;exclusivit\u00e9. Altea Hills est gard\u00e9 jour et nuit, ce qui donne un sentiment de paix et de s\u00e9curit\u00e9.  <\/p><p>Le vieux Altea, \u00ab\u00a0Pueblo Alto\u00a0\u00bb, est vraiment magnifique. C&rsquo;est une petite ville avec des maisons blanches, des fleurs, des rues \u00e9troites et sinueuses, des restaurants, des boutiques et des vues fantastiques.<br>L&rsquo;\u00e9glise d&rsquo;Altea, Nuestra Se\u00f1ora del Consuelo, domine la ville de ses coupoles bleues. La plage la plus proche est la \u00ab\u00a0Playa Mascarat\u00a0\u00bb. Vous pouvez bronzer, nager, faire du snorkeling, de la plong\u00e9e, de la voile sur les nombreuses plages magnifiques ; c&rsquo;est vraiment fantastique ! Le club de golf d&rsquo;Altea se trouve \u00e0 6 km. Calpe poss\u00e8de \u00e9galement de belles plages de sable, de nombreux magasins et restaurants.     <\/p><\/div><\/div>\t\t\t\t\t\t\t\t<\/div>\n\t\t\t\t<\/div>\n\t\t\t\t<div class=\"elementor-element elementor-element-0fe9dfa elementor-align-center elementor-widget elementor-widget-button\" data-id=\"0fe9dfa\" data-element_type=\"widget\" data-e-type=\"widget\" data-widget_type=\"button.default\">\n\t\t\t\t<div class=\"elementor-widget-container\">\n\t\t\t\t\t\t\t\t\t<div class=\"elementor-button-wrapper\">\n\t\t\t\t\t<a class=\"elementor-button elementor-button-link elementor-size-sm\" href=\"https:\/\/www.hollandhuisje.nl\/fr\/reservations\/\" target=\"_blank\">\n\t\t\t\t\t\t<span class=\"elementor-button-content-wrapper\">\n\t\t\t\t\t\t\t\t\t<span class=\"elementor-button-text\">R\u00e9servez en ligne d\u00e8s maintenant !<\/span>\n\t\t\t\t\t<\/span>\n\t\t\t\t\t<\/a>\n\t\t\t\t<\/div>\n\t\t\t\t\t\t\t\t<\/div>\n\t\t\t\t<\/div>\n\t\t\t\t\t<\/div>\n\t\t\t\t<\/div>\n\t\t<div class=\"elementor-element elementor-element-c3e3192 e-flex e-con-boxed e-con e-parent\" data-id=\"c3e3192\" data-element_type=\"container\" data-e-type=\"container\" data-settings=\"{&quot;background_background&quot;:&quot;classic&quot;,&quot;shape_divider_bottom&quot;:&quot;waves&quot;}\">\n\t\t\t\t\t<div class=\"e-con-inner\">\n\t\t\t\t<div class=\"elementor-shape elementor-shape-bottom\" aria-hidden=\"true\" data-negative=\"false\">\n\t\t\t<svg xmlns=\"http:\/\/www.w3.org\/2000\/svg\" viewBox=\"0 0 1000 100\" preserveAspectRatio=\"none\">\n\t<path class=\"elementor-shape-fill\" d=\"M421.9,6.5c22.6-2.5,51.5,0.4,75.5,5.3c23.6,4.9,70.9,23.5,100.5,35.7c75.8,32.2,133.7,44.5,192.6,49.7\n\tc23.6,2.1,48.7,3.5,103.4-2.5c54.7-6,106.2-25.6,106.2-25.6V0H0v30.3c0,0,72,32.6,158.4,30.5c39.2-0.7,92.8-6.7,134-22.4\n\tc21.2-8.1,52.2-18.2,79.7-24.2C399.3,7.9,411.6,7.5,421.9,6.5z\"\/>\n<\/svg>\t\t<\/div>\n\t\t<div class=\"elementor-element elementor-element-d7aa3d4 e-con-full e-flex e-con e-child\" data-id=\"d7aa3d4\" data-element_type=\"container\" data-e-type=\"container\">\n\t\t\t\t<div class=\"elementor-element elementor-element-f5d7ac6 elementor-widget elementor-widget-heading\" data-id=\"f5d7ac6\" data-element_type=\"widget\" data-e-type=\"widget\" data-widget_type=\"heading.default\">\n\t\t\t\t<div class=\"elementor-widget-container\">\n\t\t\t\t\t<h3 class=\"elementor-heading-title elementor-size-default\">Bons conseils !<\/h3>\t\t\t\t<\/div>\n\t\t\t\t<\/div>\n\t\t\t\t<div class=\"elementor-element elementor-element-7cd50dd elementor-widget elementor-widget-text-editor\" data-id=\"7cd50dd\" data-element_type=\"widget\" data-e-type=\"widget\" data-widget_type=\"text-editor.default\">\n\t\t\t\t<div class=\"elementor-widget-container\">\n\t\t\t\t\t\t\t\t\t<p>Nous avons rassembl\u00e9 les meilleurs conseils sp\u00e9cialement pour nos invit\u00e9s ! T\u00e9l\u00e9chargez nos conseils (.pdf) <\/p>\t\t\t\t\t\t\t\t<\/div>\n\t\t\t\t<\/div>\n\t\t\t\t<div class=\"elementor-element elementor-element-7932f8d elementor-widget elementor-widget-button\" data-id=\"7932f8d\" data-element_type=\"widget\" data-e-type=\"widget\" data-widget_type=\"button.default\">\n\t\t\t\t<div class=\"elementor-widget-container\">\n\t\t\t\t\t\t\t\t\t<div class=\"elementor-button-wrapper\">\n\t\t\t\t\t<a class=\"elementor-button elementor-button-link elementor-size-sm\" href=\"https:\/\/www.hollandhuisje.nl\/wp-content\/uploads\/2025\/01\/Leuke-omgevingstips-Altea.pdf\" target=\"_blank\">\n\t\t\t\t\t\t<span class=\"elementor-button-content-wrapper\">\n\t\t\t\t\t\t\t\t\t<span class=\"elementor-button-text\">T\u00e9l\u00e9chargez nos conseils en mati\u00e8re d'environnement ici !<\/span>\n\t\t\t\t\t<\/span>\n\t\t\t\t\t<\/a>\n\t\t\t\t<\/div>\n\t\t\t\t\t\t\t\t<\/div>\n\t\t\t\t<\/div>\n\t\t\t\t<\/div>\n\t\t<div class=\"elementor-element elementor-element-fbe1525 e-con-full e-flex e-con e-child\" data-id=\"fbe1525\" data-element_type=\"container\" data-e-type=\"container\" data-settings=\"{&quot;background_background&quot;:&quot;slideshow&quot;,&quot;background_slideshow_gallery&quot;:[{&quot;id&quot;:711,&quot;url&quot;:&quot;https:\\\/\\\/www.hollandhuisje.nl\\\/wp-content\\\/uploads\\\/2025\\\/01\\\/DSCF2225.jpg&quot;},{&quot;id&quot;:838,&quot;url&quot;:&quot;https:\\\/\\\/www.hollandhuisje.nl\\\/wp-content\\\/uploads\\\/2025\\\/01\\\/iStock-457984651.jpg&quot;},{&quot;id&quot;:842,&quot;url&quot;:&quot;https:\\\/\\\/www.hollandhuisje.nl\\\/wp-content\\\/uploads\\\/2025\\\/01\\\/iStock-1481625752.jpg&quot;},{&quot;id&quot;:843,&quot;url&quot;:&quot;https:\\\/\\\/www.hollandhuisje.nl\\\/wp-content\\\/uploads\\\/2025\\\/01\\\/iStock-1599265221.jpg&quot;},{&quot;id&quot;:710,&quot;url&quot;:&quot;https:\\\/\\\/www.hollandhuisje.nl\\\/wp-content\\\/uploads\\\/2025\\\/01\\\/20230924_170429-1-scaled.jpg&quot;}],&quot;background_slideshow_slide_duration&quot;:3000,&quot;background_slideshow_loop&quot;:&quot;yes&quot;,&quot;background_slideshow_slide_transition&quot;:&quot;fade&quot;,&quot;background_slideshow_transition_duration&quot;:500}\">\n\t\t\t\t<div class=\"elementor-element elementor-element-c24ecef elementor-widget elementor-widget-spacer\" data-id=\"c24ecef\" data-element_type=\"widget\" data-e-type=\"widget\" data-widget_type=\"spacer.default\">\n\t\t\t\t<div class=\"elementor-widget-container\">\n\t\t\t\t\t\t\t<div class=\"elementor-spacer\">\n\t\t\t<div class=\"elementor-spacer-inner\"><\/div>\n\t\t<\/div>\n\t\t\t\t\t\t<\/div>\n\t\t\t\t<\/div>\n\t\t\t\t<\/div>\n\t\t\t\t\t<\/div>\n\t\t\t\t<\/div>\n\t\t\t\t<\/div>\n\t\t","protected":false},"excerpt":{"rendered":"<p>Altea Hills sur la magnifique Costa Blanca Altea Hills, sur la magnifique Costa Blanca, est pittoresquement situ\u00e9 dans un enclos naturel de belles collines vertes avec des vues \u00e0 couper le souffle sur la mer M\u00e9diterran\u00e9e. Le quartier des villas est une oasis de tranquillit\u00e9 et offre un sentiment d&rsquo;exclusivit\u00e9. Altea Hills est gard\u00e9 jour [&hellip;]<\/p>\n","protected":false},"author":1,"featured_media":0,"parent":1277,"menu_order":0,"comment_status":"closed","ping_status":"closed","template":"","meta":{"footnotes":""},"class_list":["post-1119","page","type-page","status-publish","hentry"],"yoast_head":"<!-- This site is optimized with the Yoast SEO plugin v27.3 - https:\/\/yoast.com\/product\/yoast-seo-wordpress\/ -->\n<title>Espagne, Altea Hills - Holland Huisje<\/title>\n<meta name=\"robots\" content=\"index, follow, max-snippet:-1, max-image-preview:large, max-video-preview:-1\" \/>\n<meta property=\"og:locale\" content=\"fr_FR\" \/>\n<meta property=\"og:type\" content=\"article\" \/>\n<meta property=\"og:title\" content=\"Espagne, Altea Hills - Holland Huisje\" \/>\n<meta property=\"og:description\" content=\"Altea Hills sur la magnifique Costa Blanca Altea Hills, sur la magnifique Costa Blanca, est pittoresquement situ\u00e9 dans un enclos naturel de belles collines vertes avec des vues \u00e0 couper le souffle sur la mer M\u00e9diterran\u00e9e. Le quartier des villas est une oasis de tranquillit\u00e9 et offre un sentiment d&rsquo;exclusivit\u00e9. Altea Hills est gard\u00e9 jour [&hellip;]\" \/>\n<meta property=\"og:url\" content=\"https:\/\/www.hollandhuisje.nl\/de\/omgeving\/spanje-altea-hills\/\" \/>\n<meta property=\"og:site_name\" content=\"Holland Huisje\" \/>\n<meta property=\"article:modified_time\" content=\"2025-02-17T10:12:13+00:00\" \/>\n<meta name=\"twitter:card\" content=\"summary_large_image\" \/>\n<meta name=\"twitter:label1\" content=\"Dur\u00e9e de lecture estim\u00e9e\" \/>\n\t<meta name=\"twitter:data1\" content=\"2 minutes\" \/>\n<script type=\"application\/ld+json\" class=\"yoast-schema-graph\">{\"@context\":\"https:\\\/\\\/schema.org\",\"@graph\":[{\"@type\":\"WebPage\",\"@id\":\"https:\\\/\\\/www.hollandhuisje.nl\\\/de\\\/omgeving\\\/spanje-altea-hills\\\/\",\"url\":\"https:\\\/\\\/www.hollandhuisje.nl\\\/de\\\/omgeving\\\/spanje-altea-hills\\\/\",\"name\":\"Espagne, Altea Hills - Holland Huisje\",\"isPartOf\":{\"@id\":\"https:\\\/\\\/www.hollandhuisje.nl\\\/#website\"},\"datePublished\":\"2025-01-08T11:03:47+00:00\",\"dateModified\":\"2025-02-17T10:12:13+00:00\",\"breadcrumb\":{\"@id\":\"https:\\\/\\\/www.hollandhuisje.nl\\\/de\\\/omgeving\\\/spanje-altea-hills\\\/#breadcrumb\"},\"inLanguage\":\"fr-FR\",\"potentialAction\":[{\"@type\":\"ReadAction\",\"target\":[\"https:\\\/\\\/www.hollandhuisje.nl\\\/de\\\/omgeving\\\/spanje-altea-hills\\\/\"]}]},{\"@type\":\"BreadcrumbList\",\"@id\":\"https:\\\/\\\/www.hollandhuisje.nl\\\/de\\\/omgeving\\\/spanje-altea-hills\\\/#breadcrumb\",\"itemListElement\":[{\"@type\":\"ListItem\",\"position\":1,\"name\":\"Home\",\"item\":\"https:\\\/\\\/www.hollandhuisje.nl\\\/fr\\\/verhuur-van-vakantiehuizen-zeeland-altea-hills-spanje-toscane\\\/\"},{\"@type\":\"ListItem\",\"position\":2,\"name\":\"Environnements\",\"item\":\"https:\\\/\\\/www.hollandhuisje.nl\\\/fr\\\/omgeving\\\/\"},{\"@type\":\"ListItem\",\"position\":3,\"name\":\"Espagne, Altea Hills\"}]},{\"@type\":\"WebSite\",\"@id\":\"https:\\\/\\\/www.hollandhuisje.nl\\\/#website\",\"url\":\"https:\\\/\\\/www.hollandhuisje.nl\\\/\",\"name\":\"Holland Huisje\",\"description\":\"\",\"publisher\":{\"@id\":\"https:\\\/\\\/www.hollandhuisje.nl\\\/#organization\"},\"potentialAction\":[{\"@type\":\"SearchAction\",\"target\":{\"@type\":\"EntryPoint\",\"urlTemplate\":\"https:\\\/\\\/www.hollandhuisje.nl\\\/?s={search_term_string}\"},\"query-input\":{\"@type\":\"PropertyValueSpecification\",\"valueRequired\":true,\"valueName\":\"search_term_string\"}}],\"inLanguage\":\"fr-FR\"},{\"@type\":\"Organization\",\"@id\":\"https:\\\/\\\/www.hollandhuisje.nl\\\/#organization\",\"name\":\"Holland Huisje\",\"url\":\"https:\\\/\\\/www.hollandhuisje.nl\\\/\",\"logo\":{\"@type\":\"ImageObject\",\"inLanguage\":\"fr-FR\",\"@id\":\"https:\\\/\\\/www.hollandhuisje.nl\\\/#\\\/schema\\\/logo\\\/image\\\/\",\"url\":\"https:\\\/\\\/www.hollandhuisje.nl\\\/wp-content\\\/uploads\\\/2026\\\/02\\\/logo.png\",\"contentUrl\":\"https:\\\/\\\/www.hollandhuisje.nl\\\/wp-content\\\/uploads\\\/2026\\\/02\\\/logo.png\",\"width\":390,\"height\":208,\"caption\":\"Holland Huisje\"},\"image\":{\"@id\":\"https:\\\/\\\/www.hollandhuisje.nl\\\/#\\\/schema\\\/logo\\\/image\\\/\"}}]}<\/script>\n<!-- \/ Yoast SEO plugin. -->","yoast_head_json":{"title":"Espagne, Altea Hills - Holland Huisje","robots":{"index":"index","follow":"follow","max-snippet":"max-snippet:-1","max-image-preview":"max-image-preview:large","max-video-preview":"max-video-preview:-1"},"og_locale":"fr_FR","og_type":"article","og_title":"Espagne, Altea Hills - Holland Huisje","og_description":"Altea Hills sur la magnifique Costa Blanca Altea Hills, sur la magnifique Costa Blanca, est pittoresquement situ\u00e9 dans un enclos naturel de belles collines vertes avec des vues \u00e0 couper le souffle sur la mer M\u00e9diterran\u00e9e. Le quartier des villas est une oasis de tranquillit\u00e9 et offre un sentiment d&rsquo;exclusivit\u00e9. Altea Hills est gard\u00e9 jour [&hellip;]","og_url":"https:\/\/www.hollandhuisje.nl\/de\/omgeving\/spanje-altea-hills\/","og_site_name":"Holland Huisje","article_modified_time":"2025-02-17T10:12:13+00:00","twitter_card":"summary_large_image","twitter_misc":{"Dur\u00e9e de lecture estim\u00e9e":"2 minutes"},"schema":{"@context":"https:\/\/schema.org","@graph":[{"@type":"WebPage","@id":"https:\/\/www.hollandhuisje.nl\/de\/omgeving\/spanje-altea-hills\/","url":"https:\/\/www.hollandhuisje.nl\/de\/omgeving\/spanje-altea-hills\/","name":"Espagne, Altea Hills - Holland Huisje","isPartOf":{"@id":"https:\/\/www.hollandhuisje.nl\/#website"},"datePublished":"2025-01-08T11:03:47+00:00","dateModified":"2025-02-17T10:12:13+00:00","breadcrumb":{"@id":"https:\/\/www.hollandhuisje.nl\/de\/omgeving\/spanje-altea-hills\/#breadcrumb"},"inLanguage":"fr-FR","potentialAction":[{"@type":"ReadAction","target":["https:\/\/www.hollandhuisje.nl\/de\/omgeving\/spanje-altea-hills\/"]}]},{"@type":"BreadcrumbList","@id":"https:\/\/www.hollandhuisje.nl\/de\/omgeving\/spanje-altea-hills\/#breadcrumb","itemListElement":[{"@type":"ListItem","position":1,"name":"Home","item":"https:\/\/www.hollandhuisje.nl\/fr\/verhuur-van-vakantiehuizen-zeeland-altea-hills-spanje-toscane\/"},{"@type":"ListItem","position":2,"name":"Environnements","item":"https:\/\/www.hollandhuisje.nl\/fr\/omgeving\/"},{"@type":"ListItem","position":3,"name":"Espagne, Altea Hills"}]},{"@type":"WebSite","@id":"https:\/\/www.hollandhuisje.nl\/#website","url":"https:\/\/www.hollandhuisje.nl\/","name":"Holland Huisje","description":"","publisher":{"@id":"https:\/\/www.hollandhuisje.nl\/#organization"},"potentialAction":[{"@type":"SearchAction","target":{"@type":"EntryPoint","urlTemplate":"https:\/\/www.hollandhuisje.nl\/?s={search_term_string}"},"query-input":{"@type":"PropertyValueSpecification","valueRequired":true,"valueName":"search_term_string"}}],"inLanguage":"fr-FR"},{"@type":"Organization","@id":"https:\/\/www.hollandhuisje.nl\/#organization","name":"Holland Huisje","url":"https:\/\/www.hollandhuisje.nl\/","logo":{"@type":"ImageObject","inLanguage":"fr-FR","@id":"https:\/\/www.hollandhuisje.nl\/#\/schema\/logo\/image\/","url":"https:\/\/www.hollandhuisje.nl\/wp-content\/uploads\/2026\/02\/logo.png","contentUrl":"https:\/\/www.hollandhuisje.nl\/wp-content\/uploads\/2026\/02\/logo.png","width":390,"height":208,"caption":"Holland Huisje"},"image":{"@id":"https:\/\/www.hollandhuisje.nl\/#\/schema\/logo\/image\/"}}]}},"_links":{"self":[{"href":"https:\/\/www.hollandhuisje.nl\/fr\/wp-json\/wp\/v2\/pages\/1119","targetHints":{"allow":["GET"]}}],"collection":[{"href":"https:\/\/www.hollandhuisje.nl\/fr\/wp-json\/wp\/v2\/pages"}],"about":[{"href":"https:\/\/www.hollandhuisje.nl\/fr\/wp-json\/wp\/v2\/types\/page"}],"author":[{"embeddable":true,"href":"https:\/\/www.hollandhuisje.nl\/fr\/wp-json\/wp\/v2\/users\/1"}],"replies":[{"embeddable":true,"href":"https:\/\/www.hollandhuisje.nl\/fr\/wp-json\/wp\/v2\/comments?post=1119"}],"version-history":[{"count":5,"href":"https:\/\/www.hollandhuisje.nl\/fr\/wp-json\/wp\/v2\/pages\/1119\/revisions"}],"predecessor-version":[{"id":1337,"href":"https:\/\/www.hollandhuisje.nl\/fr\/wp-json\/wp\/v2\/pages\/1119\/revisions\/1337"}],"up":[{"embeddable":true,"href":"https:\/\/www.hollandhuisje.nl\/fr\/wp-json\/wp\/v2\/pages\/1277"}],"wp:attachment":[{"href":"https:\/\/www.hollandhuisje.nl\/fr\/wp-json\/wp\/v2\/media?parent=1119"}],"curies":[{"name":"wp","href":"https:\/\/api.w.org\/{rel}","templated":true}]}}