{"id":1075,"date":"2025-01-08T12:04:04","date_gmt":"2025-01-08T11:04:04","guid":{"rendered":"https:\/\/www.hollandhuisje.nl\/italie-toscane\/"},"modified":"2025-02-17T11:17:23","modified_gmt":"2025-02-17T10:17:23","slug":"italie-toscane","status":"publish","type":"page","link":"https:\/\/www.hollandhuisje.nl\/fr\/omgeving\/italie-toscane\/","title":{"rendered":"Italie, Toscane"},"content":{"rendered":"\t\t<div data-elementor-type=\"wp-page\" data-elementor-id=\"1075\" class=\"elementor elementor-1075 elementor-598\" data-elementor-post-type=\"page\">\n\t\t\t\t<div class=\"elementor-element elementor-element-5a5facbc e-flex e-con-boxed e-con e-parent\" data-id=\"5a5facbc\" data-element_type=\"container\" data-e-type=\"container\" data-settings=\"{&quot;background_background&quot;:&quot;slideshow&quot;,&quot;shape_divider_bottom&quot;:&quot;waves&quot;,&quot;background_slideshow_gallery&quot;:[{&quot;id&quot;:734,&quot;url&quot;:&quot;https:\\\/\\\/www.hollandhuisje.nl\\\/wp-content\\\/uploads\\\/2025\\\/01\\\/IMG_9536-scaled.jpeg&quot;},{&quot;id&quot;:733,&quot;url&quot;:&quot;https:\\\/\\\/www.hollandhuisje.nl\\\/wp-content\\\/uploads\\\/2025\\\/01\\\/IMG_9497-scaled.jpeg&quot;},{&quot;id&quot;:735,&quot;url&quot;:&quot;https:\\\/\\\/www.hollandhuisje.nl\\\/wp-content\\\/uploads\\\/2025\\\/01\\\/IMG_9631-1-scaled.jpeg&quot;},{&quot;id&quot;:877,&quot;url&quot;:&quot;https:\\\/\\\/www.hollandhuisje.nl\\\/wp-content\\\/uploads\\\/2025\\\/01\\\/IMG_9727-scaleddw-1.jpg&quot;}],&quot;background_slideshow_loop&quot;:&quot;yes&quot;,&quot;background_slideshow_slide_duration&quot;:5000,&quot;background_slideshow_slide_transition&quot;:&quot;fade&quot;,&quot;background_slideshow_transition_duration&quot;:500}\">\n\t\t\t\t\t<div class=\"e-con-inner\">\n\t\t\t\t<div class=\"elementor-shape elementor-shape-bottom\" aria-hidden=\"true\" data-negative=\"false\">\n\t\t\t<svg xmlns=\"http:\/\/www.w3.org\/2000\/svg\" viewBox=\"0 0 1000 100\" preserveAspectRatio=\"none\">\n\t<path class=\"elementor-shape-fill\" d=\"M421.9,6.5c22.6-2.5,51.5,0.4,75.5,5.3c23.6,4.9,70.9,23.5,100.5,35.7c75.8,32.2,133.7,44.5,192.6,49.7\n\tc23.6,2.1,48.7,3.5,103.4-2.5c54.7-6,106.2-25.6,106.2-25.6V0H0v30.3c0,0,72,32.6,158.4,30.5c39.2-0.7,92.8-6.7,134-22.4\n\tc21.2-8.1,52.2-18.2,79.7-24.2C399.3,7.9,411.6,7.5,421.9,6.5z\"\/>\n<\/svg>\t\t<\/div>\n\t\t<div class=\"elementor-element elementor-element-4e5260e e-con-full e-flex e-con e-child\" data-id=\"4e5260e\" data-element_type=\"container\" data-e-type=\"container\">\n\t\t\t\t<div class=\"elementor-element elementor-element-9509c67 elementor-widget elementor-widget-heading\" data-id=\"9509c67\" data-element_type=\"widget\" data-e-type=\"widget\" data-widget_type=\"heading.default\">\n\t\t\t\t<div class=\"elementor-widget-container\">\n\t\t\t\t\t<h2 class=\"elementor-heading-title elementor-size-default\">Italie, Toscane<\/h2>\t\t\t\t<\/div>\n\t\t\t\t<\/div>\n\t\t\t\t<\/div>\n\t\t\t\t\t<\/div>\n\t\t\t\t<\/div>\n\t\t<div class=\"elementor-element elementor-element-71f3ef07 e-flex e-con-boxed e-con e-parent\" data-id=\"71f3ef07\" data-element_type=\"container\" data-e-type=\"container\" data-settings=\"{&quot;background_background&quot;:&quot;classic&quot;}\">\n\t\t\t\t\t<div class=\"e-con-inner\">\n\t\t\t\t<div class=\"elementor-element elementor-element-83ad5f0 elementor-widget elementor-widget-heading\" data-id=\"83ad5f0\" data-element_type=\"widget\" data-e-type=\"widget\" data-widget_type=\"heading.default\">\n\t\t\t\t<div class=\"elementor-widget-container\">\n\t\t\t\t\t<h2 class=\"elementor-heading-title elementor-size-default\">\u00c9vadez-vous dans cette oasis de verdure et de calme !  <\/h2>\t\t\t\t<\/div>\n\t\t\t\t<\/div>\n\t\t\t\t<div class=\"elementor-element elementor-element-43786010 elementor-widget elementor-widget-text-editor\" data-id=\"43786010\" data-element_type=\"widget\" data-e-type=\"widget\" data-widget_type=\"text-editor.default\">\n\t\t\t\t<div class=\"elementor-widget-container\">\n\t\t\t\t\t\t\t\t\t<div class=\"elementor-element elementor-element-2e0f5ef elementor-widget elementor-widget-text-editor\" data-id=\"2e0f5ef\" data-element_type=\"widget\" data-widget_type=\"text-editor.default\"><div class=\"elementor-widget-container\"><p>La Villa Le Lame est situ\u00e9e en Toscane, dans un hameau idyllique au milieu d&rsquo;une nature \u00e0 couper le souffle. Cette charmante maison de campagne toscane se trouve au c\u0153ur de la r\u00e9serve naturelle de Cornate E Fosini. Un paradis pour les amoureux de la nature et les familles qui souhaitent passer de merveilleuses vacances dans la nature.  <\/p><p><strong>D\u00e9tente et plaisir actif<\/strong><\/p><p>Pour les randonneurs et les v\u00e9t\u00e9tistes, les itin\u00e9raires ne manquent pas ! Le village pittoresque de Monteiri, situ\u00e9 \u00e0 20 minutes en voiture, dispose d&rsquo;un bon restaurant et d&rsquo;un supermarch\u00e9. Pour les amateurs d&rsquo;\u00e9quitation, il y a un centre \u00e9questre \u00e0 proximit\u00e9 o\u00f9 vous pourrez faire une belle promenade en plein air.  <\/p><p><strong>Voyages culturels et d&rsquo;aventure<\/strong><\/p><p>Faites les meilleures excursions d&rsquo;une journ\u00e9e :<br><strong>Massa Marittima<\/strong>: une ville historique pittoresque.<br><strong>Follonica<\/strong>: D\u00e9tendez-vous sur la plage de la c\u00f4te azur.<br><strong>Sienne et Volterra<\/strong>: sont des villes monumentales c\u00e9l\u00e8bres qui regorgent de culture, de monuments impressionnants et de nombreux restaurants et terrasses agr\u00e9ables.<br><strong>Elbe<\/strong>: prenez le ferry pour l&rsquo;\u00eele d&rsquo;Elbe. Le plus beau de l&rsquo;\u00eele d&rsquo;Elbe est la beaut\u00e9 de sa nature. Pour l&rsquo;admirer, faites de la plong\u00e9e avec masque et tuba dans la mer cristalline pr\u00e8s de Pomonte et admirez les poissons color\u00e9s.  <\/p><p>Venez profiter de la nature, de la culture et de l&rsquo;hospitalit\u00e9 italienne !<\/p><\/div><\/div>\t\t\t\t\t\t\t\t<\/div>\n\t\t\t\t<\/div>\n\t\t\t\t<div class=\"elementor-element elementor-element-2edcc53d elementor-align-center elementor-widget elementor-widget-button\" data-id=\"2edcc53d\" data-element_type=\"widget\" data-e-type=\"widget\" data-widget_type=\"button.default\">\n\t\t\t\t<div class=\"elementor-widget-container\">\n\t\t\t\t\t\t\t\t\t<div class=\"elementor-button-wrapper\">\n\t\t\t\t\t<a class=\"elementor-button elementor-button-link elementor-size-sm\" href=\"https:\/\/www.hollandhuisje.nl\/fr\/reservations\/\" target=\"_blank\">\n\t\t\t\t\t\t<span class=\"elementor-button-content-wrapper\">\n\t\t\t\t\t\t\t\t\t<span class=\"elementor-button-text\">R\u00e9servez en ligne d\u00e8s maintenant !<\/span>\n\t\t\t\t\t<\/span>\n\t\t\t\t\t<\/a>\n\t\t\t\t<\/div>\n\t\t\t\t\t\t\t\t<\/div>\n\t\t\t\t<\/div>\n\t\t\t\t\t<\/div>\n\t\t\t\t<\/div>\n\t\t<div class=\"elementor-element elementor-element-7b72ce49 e-flex e-con-boxed e-con e-parent\" data-id=\"7b72ce49\" data-element_type=\"container\" data-e-type=\"container\" data-settings=\"{&quot;background_background&quot;:&quot;classic&quot;,&quot;shape_divider_bottom&quot;:&quot;waves&quot;}\">\n\t\t\t\t\t<div class=\"e-con-inner\">\n\t\t\t\t<div class=\"elementor-shape elementor-shape-bottom\" aria-hidden=\"true\" data-negative=\"false\">\n\t\t\t<svg xmlns=\"http:\/\/www.w3.org\/2000\/svg\" viewBox=\"0 0 1000 100\" preserveAspectRatio=\"none\">\n\t<path class=\"elementor-shape-fill\" d=\"M421.9,6.5c22.6-2.5,51.5,0.4,75.5,5.3c23.6,4.9,70.9,23.5,100.5,35.7c75.8,32.2,133.7,44.5,192.6,49.7\n\tc23.6,2.1,48.7,3.5,103.4-2.5c54.7-6,106.2-25.6,106.2-25.6V0H0v30.3c0,0,72,32.6,158.4,30.5c39.2-0.7,92.8-6.7,134-22.4\n\tc21.2-8.1,52.2-18.2,79.7-24.2C399.3,7.9,411.6,7.5,421.9,6.5z\"\/>\n<\/svg>\t\t<\/div>\n\t\t<div class=\"elementor-element elementor-element-6eb520da e-con-full e-flex e-con e-child\" data-id=\"6eb520da\" data-element_type=\"container\" data-e-type=\"container\">\n\t\t\t\t<div class=\"elementor-element elementor-element-6a01a0b1 elementor-widget elementor-widget-heading\" data-id=\"6a01a0b1\" data-element_type=\"widget\" data-e-type=\"widget\" data-widget_type=\"heading.default\">\n\t\t\t\t<div class=\"elementor-widget-container\">\n\t\t\t\t\t<h3 class=\"elementor-heading-title elementor-size-default\">Bons conseils !<\/h3>\t\t\t\t<\/div>\n\t\t\t\t<\/div>\n\t\t\t\t<div class=\"elementor-element elementor-element-77e6e9f1 elementor-widget elementor-widget-text-editor\" data-id=\"77e6e9f1\" data-element_type=\"widget\" data-e-type=\"widget\" data-widget_type=\"text-editor.default\">\n\t\t\t\t<div class=\"elementor-widget-container\">\n\t\t\t\t\t\t\t\t\t<p>Nous avons rassembl\u00e9 les meilleurs conseils sp\u00e9cialement pour nos invit\u00e9s ! T\u00e9l\u00e9chargez nos conseils (.pdf) <\/p>\t\t\t\t\t\t\t\t<\/div>\n\t\t\t\t<\/div>\n\t\t\t\t<div class=\"elementor-element elementor-element-38557418 elementor-widget elementor-widget-button\" data-id=\"38557418\" data-element_type=\"widget\" data-e-type=\"widget\" data-widget_type=\"button.default\">\n\t\t\t\t<div class=\"elementor-widget-container\">\n\t\t\t\t\t\t\t\t\t<div class=\"elementor-button-wrapper\">\n\t\t\t\t\t<a class=\"elementor-button elementor-button-link elementor-size-sm\" href=\"https:\/\/www.hollandhuisje.nl\/wp-content\/uploads\/2025\/01\/Leuke-omgevingstips-La-lame.pdf\" target=\"_blank\">\n\t\t\t\t\t\t<span class=\"elementor-button-content-wrapper\">\n\t\t\t\t\t\t\t\t\t<span class=\"elementor-button-text\">T\u00e9l\u00e9chargez nos conseils en mati\u00e8re d'environnement ici !<\/span>\n\t\t\t\t\t<\/span>\n\t\t\t\t\t<\/a>\n\t\t\t\t<\/div>\n\t\t\t\t\t\t\t\t<\/div>\n\t\t\t\t<\/div>\n\t\t\t\t<\/div>\n\t\t<div class=\"elementor-element elementor-element-3791c787 e-con-full e-flex e-con e-child\" data-id=\"3791c787\" data-element_type=\"container\" data-e-type=\"container\" data-settings=\"{&quot;background_background&quot;:&quot;slideshow&quot;,&quot;background_slideshow_gallery&quot;:[{&quot;id&quot;:735,&quot;url&quot;:&quot;https:\\\/\\\/www.hollandhuisje.nl\\\/wp-content\\\/uploads\\\/2025\\\/01\\\/IMG_9631-1-scaled.jpeg&quot;},{&quot;id&quot;:734,&quot;url&quot;:&quot;https:\\\/\\\/www.hollandhuisje.nl\\\/wp-content\\\/uploads\\\/2025\\\/01\\\/IMG_9536-scaled.jpeg&quot;},{&quot;id&quot;:733,&quot;url&quot;:&quot;https:\\\/\\\/www.hollandhuisje.nl\\\/wp-content\\\/uploads\\\/2025\\\/01\\\/IMG_9497-scaled.jpeg&quot;},{&quot;id&quot;:732,&quot;url&quot;:&quot;https:\\\/\\\/www.hollandhuisje.nl\\\/wp-content\\\/uploads\\\/2025\\\/01\\\/Afbeelding-15-1.jpg&quot;},{&quot;id&quot;:840,&quot;url&quot;:&quot;https:\\\/\\\/www.hollandhuisje.nl\\\/wp-content\\\/uploads\\\/2025\\\/01\\\/iStock-878908814.jpg&quot;},{&quot;id&quot;:881,&quot;url&quot;:&quot;https:\\\/\\\/www.hollandhuisje.nl\\\/wp-content\\\/uploads\\\/2025\\\/01\\\/1.jpg&quot;},{&quot;id&quot;:882,&quot;url&quot;:&quot;https:\\\/\\\/www.hollandhuisje.nl\\\/wp-content\\\/uploads\\\/2025\\\/01\\\/2.jpg&quot;}],&quot;background_slideshow_slide_duration&quot;:3000,&quot;background_slideshow_loop&quot;:&quot;yes&quot;,&quot;background_slideshow_slide_transition&quot;:&quot;fade&quot;,&quot;background_slideshow_transition_duration&quot;:500}\">\n\t\t\t\t<div class=\"elementor-element elementor-element-59742b18 elementor-widget elementor-widget-spacer\" data-id=\"59742b18\" data-element_type=\"widget\" data-e-type=\"widget\" data-widget_type=\"spacer.default\">\n\t\t\t\t<div class=\"elementor-widget-container\">\n\t\t\t\t\t\t\t<div class=\"elementor-spacer\">\n\t\t\t<div class=\"elementor-spacer-inner\"><\/div>\n\t\t<\/div>\n\t\t\t\t\t\t<\/div>\n\t\t\t\t<\/div>\n\t\t\t\t<\/div>\n\t\t\t\t\t<\/div>\n\t\t\t\t<\/div>\n\t\t\t\t<\/div>\n\t\t","protected":false},"excerpt":{"rendered":"<p>\u00c9vadez-vous dans cette oasis de verdure et de calme ! La Villa Le Lame est situ\u00e9e en Toscane, dans un hameau idyllique au milieu d&rsquo;une nature \u00e0 couper le souffle. Cette charmante maison de campagne toscane se trouve au c\u0153ur de la r\u00e9serve naturelle de Cornate E Fosini. Un paradis pour les amoureux de la [&hellip;]<\/p>\n","protected":false},"author":1,"featured_media":0,"parent":1277,"menu_order":0,"comment_status":"closed","ping_status":"closed","template":"","meta":{"footnotes":""},"class_list":["post-1075","page","type-page","status-publish","hentry"],"yoast_head":"<!-- This site is optimized with the Yoast SEO plugin v27.3 - https:\/\/yoast.com\/product\/yoast-seo-wordpress\/ -->\n<title>Italie, Toscane - Holland Huisje<\/title>\n<meta name=\"robots\" content=\"index, follow, max-snippet:-1, max-image-preview:large, max-video-preview:-1\" \/>\n<meta property=\"og:locale\" content=\"fr_FR\" \/>\n<meta property=\"og:type\" content=\"article\" \/>\n<meta property=\"og:title\" content=\"Italie, Toscane - Holland Huisje\" \/>\n<meta property=\"og:description\" content=\"\u00c9vadez-vous dans cette oasis de verdure et de calme ! La Villa Le Lame est situ\u00e9e en Toscane, dans un hameau idyllique au milieu d&rsquo;une nature \u00e0 couper le souffle. Cette charmante maison de campagne toscane se trouve au c\u0153ur de la r\u00e9serve naturelle de Cornate E Fosini. Un paradis pour les amoureux de la [&hellip;]\" \/>\n<meta property=\"og:url\" content=\"https:\/\/www.hollandhuisje.nl\/de\/omgeving\/italie-toscane\/\" \/>\n<meta property=\"og:site_name\" content=\"Holland Huisje\" \/>\n<meta property=\"article:modified_time\" content=\"2025-02-17T10:17:23+00:00\" \/>\n<meta name=\"twitter:card\" content=\"summary_large_image\" \/>\n<meta name=\"twitter:label1\" content=\"Dur\u00e9e de lecture estim\u00e9e\" \/>\n\t<meta name=\"twitter:data1\" content=\"3 minutes\" \/>\n<script type=\"application\/ld+json\" class=\"yoast-schema-graph\">{\"@context\":\"https:\\\/\\\/schema.org\",\"@graph\":[{\"@type\":\"WebPage\",\"@id\":\"https:\\\/\\\/www.hollandhuisje.nl\\\/de\\\/omgeving\\\/italie-toscane\\\/\",\"url\":\"https:\\\/\\\/www.hollandhuisje.nl\\\/de\\\/omgeving\\\/italie-toscane\\\/\",\"name\":\"Italie, Toscane - Holland Huisje\",\"isPartOf\":{\"@id\":\"https:\\\/\\\/www.hollandhuisje.nl\\\/#website\"},\"datePublished\":\"2025-01-08T11:04:04+00:00\",\"dateModified\":\"2025-02-17T10:17:23+00:00\",\"breadcrumb\":{\"@id\":\"https:\\\/\\\/www.hollandhuisje.nl\\\/de\\\/omgeving\\\/italie-toscane\\\/#breadcrumb\"},\"inLanguage\":\"fr-FR\",\"potentialAction\":[{\"@type\":\"ReadAction\",\"target\":[\"https:\\\/\\\/www.hollandhuisje.nl\\\/de\\\/omgeving\\\/italie-toscane\\\/\"]}]},{\"@type\":\"BreadcrumbList\",\"@id\":\"https:\\\/\\\/www.hollandhuisje.nl\\\/de\\\/omgeving\\\/italie-toscane\\\/#breadcrumb\",\"itemListElement\":[{\"@type\":\"ListItem\",\"position\":1,\"name\":\"Home\",\"item\":\"https:\\\/\\\/www.hollandhuisje.nl\\\/fr\\\/verhuur-van-vakantiehuizen-zeeland-altea-hills-spanje-toscane\\\/\"},{\"@type\":\"ListItem\",\"position\":2,\"name\":\"Environnements\",\"item\":\"https:\\\/\\\/www.hollandhuisje.nl\\\/fr\\\/omgeving\\\/\"},{\"@type\":\"ListItem\",\"position\":3,\"name\":\"Italie, Toscane\"}]},{\"@type\":\"WebSite\",\"@id\":\"https:\\\/\\\/www.hollandhuisje.nl\\\/#website\",\"url\":\"https:\\\/\\\/www.hollandhuisje.nl\\\/\",\"name\":\"Holland Huisje\",\"description\":\"\",\"publisher\":{\"@id\":\"https:\\\/\\\/www.hollandhuisje.nl\\\/#organization\"},\"potentialAction\":[{\"@type\":\"SearchAction\",\"target\":{\"@type\":\"EntryPoint\",\"urlTemplate\":\"https:\\\/\\\/www.hollandhuisje.nl\\\/?s={search_term_string}\"},\"query-input\":{\"@type\":\"PropertyValueSpecification\",\"valueRequired\":true,\"valueName\":\"search_term_string\"}}],\"inLanguage\":\"fr-FR\"},{\"@type\":\"Organization\",\"@id\":\"https:\\\/\\\/www.hollandhuisje.nl\\\/#organization\",\"name\":\"Holland Huisje\",\"url\":\"https:\\\/\\\/www.hollandhuisje.nl\\\/\",\"logo\":{\"@type\":\"ImageObject\",\"inLanguage\":\"fr-FR\",\"@id\":\"https:\\\/\\\/www.hollandhuisje.nl\\\/#\\\/schema\\\/logo\\\/image\\\/\",\"url\":\"https:\\\/\\\/www.hollandhuisje.nl\\\/wp-content\\\/uploads\\\/2026\\\/02\\\/logo.png\",\"contentUrl\":\"https:\\\/\\\/www.hollandhuisje.nl\\\/wp-content\\\/uploads\\\/2026\\\/02\\\/logo.png\",\"width\":390,\"height\":208,\"caption\":\"Holland Huisje\"},\"image\":{\"@id\":\"https:\\\/\\\/www.hollandhuisje.nl\\\/#\\\/schema\\\/logo\\\/image\\\/\"}}]}<\/script>\n<!-- \/ Yoast SEO plugin. -->","yoast_head_json":{"title":"Italie, Toscane - Holland Huisje","robots":{"index":"index","follow":"follow","max-snippet":"max-snippet:-1","max-image-preview":"max-image-preview:large","max-video-preview":"max-video-preview:-1"},"og_locale":"fr_FR","og_type":"article","og_title":"Italie, Toscane - Holland Huisje","og_description":"\u00c9vadez-vous dans cette oasis de verdure et de calme ! La Villa Le Lame est situ\u00e9e en Toscane, dans un hameau idyllique au milieu d&rsquo;une nature \u00e0 couper le souffle. Cette charmante maison de campagne toscane se trouve au c\u0153ur de la r\u00e9serve naturelle de Cornate E Fosini. Un paradis pour les amoureux de la [&hellip;]","og_url":"https:\/\/www.hollandhuisje.nl\/de\/omgeving\/italie-toscane\/","og_site_name":"Holland Huisje","article_modified_time":"2025-02-17T10:17:23+00:00","twitter_card":"summary_large_image","twitter_misc":{"Dur\u00e9e de lecture estim\u00e9e":"3 minutes"},"schema":{"@context":"https:\/\/schema.org","@graph":[{"@type":"WebPage","@id":"https:\/\/www.hollandhuisje.nl\/de\/omgeving\/italie-toscane\/","url":"https:\/\/www.hollandhuisje.nl\/de\/omgeving\/italie-toscane\/","name":"Italie, Toscane - Holland Huisje","isPartOf":{"@id":"https:\/\/www.hollandhuisje.nl\/#website"},"datePublished":"2025-01-08T11:04:04+00:00","dateModified":"2025-02-17T10:17:23+00:00","breadcrumb":{"@id":"https:\/\/www.hollandhuisje.nl\/de\/omgeving\/italie-toscane\/#breadcrumb"},"inLanguage":"fr-FR","potentialAction":[{"@type":"ReadAction","target":["https:\/\/www.hollandhuisje.nl\/de\/omgeving\/italie-toscane\/"]}]},{"@type":"BreadcrumbList","@id":"https:\/\/www.hollandhuisje.nl\/de\/omgeving\/italie-toscane\/#breadcrumb","itemListElement":[{"@type":"ListItem","position":1,"name":"Home","item":"https:\/\/www.hollandhuisje.nl\/fr\/verhuur-van-vakantiehuizen-zeeland-altea-hills-spanje-toscane\/"},{"@type":"ListItem","position":2,"name":"Environnements","item":"https:\/\/www.hollandhuisje.nl\/fr\/omgeving\/"},{"@type":"ListItem","position":3,"name":"Italie, Toscane"}]},{"@type":"WebSite","@id":"https:\/\/www.hollandhuisje.nl\/#website","url":"https:\/\/www.hollandhuisje.nl\/","name":"Holland Huisje","description":"","publisher":{"@id":"https:\/\/www.hollandhuisje.nl\/#organization"},"potentialAction":[{"@type":"SearchAction","target":{"@type":"EntryPoint","urlTemplate":"https:\/\/www.hollandhuisje.nl\/?s={search_term_string}"},"query-input":{"@type":"PropertyValueSpecification","valueRequired":true,"valueName":"search_term_string"}}],"inLanguage":"fr-FR"},{"@type":"Organization","@id":"https:\/\/www.hollandhuisje.nl\/#organization","name":"Holland Huisje","url":"https:\/\/www.hollandhuisje.nl\/","logo":{"@type":"ImageObject","inLanguage":"fr-FR","@id":"https:\/\/www.hollandhuisje.nl\/#\/schema\/logo\/image\/","url":"https:\/\/www.hollandhuisje.nl\/wp-content\/uploads\/2026\/02\/logo.png","contentUrl":"https:\/\/www.hollandhuisje.nl\/wp-content\/uploads\/2026\/02\/logo.png","width":390,"height":208,"caption":"Holland Huisje"},"image":{"@id":"https:\/\/www.hollandhuisje.nl\/#\/schema\/logo\/image\/"}}]}},"_links":{"self":[{"href":"https:\/\/www.hollandhuisje.nl\/fr\/wp-json\/wp\/v2\/pages\/1075","targetHints":{"allow":["GET"]}}],"collection":[{"href":"https:\/\/www.hollandhuisje.nl\/fr\/wp-json\/wp\/v2\/pages"}],"about":[{"href":"https:\/\/www.hollandhuisje.nl\/fr\/wp-json\/wp\/v2\/types\/page"}],"author":[{"embeddable":true,"href":"https:\/\/www.hollandhuisje.nl\/fr\/wp-json\/wp\/v2\/users\/1"}],"replies":[{"embeddable":true,"href":"https:\/\/www.hollandhuisje.nl\/fr\/wp-json\/wp\/v2\/comments?post=1075"}],"version-history":[{"count":6,"href":"https:\/\/www.hollandhuisje.nl\/fr\/wp-json\/wp\/v2\/pages\/1075\/revisions"}],"predecessor-version":[{"id":1365,"href":"https:\/\/www.hollandhuisje.nl\/fr\/wp-json\/wp\/v2\/pages\/1075\/revisions\/1365"}],"up":[{"embeddable":true,"href":"https:\/\/www.hollandhuisje.nl\/fr\/wp-json\/wp\/v2\/pages\/1277"}],"wp:attachment":[{"href":"https:\/\/www.hollandhuisje.nl\/fr\/wp-json\/wp\/v2\/media?parent=1075"}],"curies":[{"name":"wp","href":"https:\/\/api.w.org\/{rel}","templated":true}]}}