{"id":1068,"date":"2025-01-14T11:49:07","date_gmt":"2025-01-14T10:49:07","guid":{"rendered":"https:\/\/www.hollandhuisje.nl\/privacybeleid\/"},"modified":"2025-02-14T16:00:25","modified_gmt":"2025-02-14T15:00:25","slug":"privacybeleid","status":"publish","type":"page","link":"https:\/\/www.hollandhuisje.nl\/fr\/privacybeleid\/","title":{"rendered":"Politique de confidentialit\u00e9"},"content":{"rendered":"\t\t<div data-elementor-type=\"wp-page\" data-elementor-id=\"1068\" class=\"elementor elementor-1068 elementor-755\" data-elementor-post-type=\"page\">\n\t\t\t\t<div class=\"elementor-element elementor-element-7b9942ba e-flex e-con-boxed e-con e-parent\" data-id=\"7b9942ba\" data-element_type=\"container\" data-e-type=\"container\" data-settings=\"{&quot;background_background&quot;:&quot;classic&quot;,&quot;shape_divider_bottom&quot;:&quot;waves&quot;}\">\n\t\t\t\t\t<div class=\"e-con-inner\">\n\t\t\t\t<div class=\"elementor-shape elementor-shape-bottom\" aria-hidden=\"true\" data-negative=\"false\">\n\t\t\t<svg xmlns=\"http:\/\/www.w3.org\/2000\/svg\" viewBox=\"0 0 1000 100\" preserveAspectRatio=\"none\">\n\t<path class=\"elementor-shape-fill\" d=\"M421.9,6.5c22.6-2.5,51.5,0.4,75.5,5.3c23.6,4.9,70.9,23.5,100.5,35.7c75.8,32.2,133.7,44.5,192.6,49.7\n\tc23.6,2.1,48.7,3.5,103.4-2.5c54.7-6,106.2-25.6,106.2-25.6V0H0v30.3c0,0,72,32.6,158.4,30.5c39.2-0.7,92.8-6.7,134-22.4\n\tc21.2-8.1,52.2-18.2,79.7-24.2C399.3,7.9,411.6,7.5,421.9,6.5z\"\/>\n<\/svg>\t\t<\/div>\n\t\t<div class=\"elementor-element elementor-element-11a188cd e-con-full e-flex e-con e-child\" data-id=\"11a188cd\" data-element_type=\"container\" data-e-type=\"container\">\n\t\t\t\t<div class=\"elementor-element elementor-element-31d3b726 elementor-widget elementor-widget-heading\" data-id=\"31d3b726\" data-element_type=\"widget\" data-e-type=\"widget\" data-widget_type=\"heading.default\">\n\t\t\t\t<div class=\"elementor-widget-container\">\n\t\t\t\t\t<h2 class=\"elementor-heading-title elementor-size-default\">Politique de confidentialit\u00e9<\/h2>\t\t\t\t<\/div>\n\t\t\t\t<\/div>\n\t\t\t\t<\/div>\n\t\t\t\t\t<\/div>\n\t\t\t\t<\/div>\n\t\t<div class=\"elementor-element elementor-element-144ff00 e-flex e-con-boxed e-con e-parent\" data-id=\"144ff00\" data-element_type=\"container\" data-e-type=\"container\" data-settings=\"{&quot;background_background&quot;:&quot;classic&quot;,&quot;shape_divider_bottom&quot;:&quot;waves&quot;}\">\n\t\t\t\t\t<div class=\"e-con-inner\">\n\t\t\t\t<div class=\"elementor-shape elementor-shape-bottom\" aria-hidden=\"true\" data-negative=\"false\">\n\t\t\t<svg xmlns=\"http:\/\/www.w3.org\/2000\/svg\" viewBox=\"0 0 1000 100\" preserveAspectRatio=\"none\">\n\t<path class=\"elementor-shape-fill\" d=\"M421.9,6.5c22.6-2.5,51.5,0.4,75.5,5.3c23.6,4.9,70.9,23.5,100.5,35.7c75.8,32.2,133.7,44.5,192.6,49.7\n\tc23.6,2.1,48.7,3.5,103.4-2.5c54.7-6,106.2-25.6,106.2-25.6V0H0v30.3c0,0,72,32.6,158.4,30.5c39.2-0.7,92.8-6.7,134-22.4\n\tc21.2-8.1,52.2-18.2,79.7-24.2C399.3,7.9,411.6,7.5,421.9,6.5z\"\/>\n<\/svg>\t\t<\/div>\n\t\t\t\t<div class=\"elementor-element elementor-element-bfd1501 elementor-widget elementor-widget-text-editor\" data-id=\"bfd1501\" data-element_type=\"widget\" data-e-type=\"widget\" data-widget_type=\"text-editor.default\">\n\t\t\t\t<div class=\"elementor-widget-container\">\n\t\t\t\t\t\t\t\t\t<p>Hollandhuisje, situ\u00e9 Driehuizen 3, 5081XD Hilvarenbeek, est responsable du traitement des donn\u00e9es personnelles tel que d\u00e9crit dans cette d\u00e9claration de confidentialit\u00e9.<\/p><p><strong><br><\/strong><br><br><br><br>C<strong>oordonn\u00e9es :<\/strong>Hollandhuisje Driehuizen 3 5081 XD Hilvarenbeek KvK nr : 85355720 Num\u00e9ro de TVA : NL004086566B81<strong><\/strong><\/p><p><strong>Donn\u00e9es personnelles que nous traitons<\/strong><\/p><p>Hollandhuisje traite vos donn\u00e9es personnelles parce que vous utilisez nos services et\/ou parce que vous nous les fournissez vous-m\u00eame :<\/p><ul><li>Pr\u00e9nom et nom<\/li><li>D\u00e9tails de l&rsquo;adresse<\/li><li>Num\u00e9ro de t\u00e9l\u00e9phone<\/li><li>Adresse \u00e9lectronique<\/li><\/ul><p> <\/p><p><strong>Donn\u00e9es personnelles sp\u00e9ciales et\/ou sensibles que nous traitons<\/strong><\/p><p>Notre site web et\/ou service n&rsquo;a pas l&rsquo;intention de collecter des donn\u00e9es sur les visiteurs du site web \u00e2g\u00e9s de moins de 16 ans. \u00c0 moins qu&rsquo;ils ne disposent d&rsquo;une autorisation parentale ou d&rsquo;un tuteur. Toutefois, nous ne pouvons pas v\u00e9rifier si un visiteur a plus de 16 ans. Nous conseillons donc aux parents de s&rsquo;impliquer dans les activit\u00e9s en ligne de leurs enfants afin d&rsquo;\u00e9viter de collecter des donn\u00e9es sur les enfants sans leur consentement. Si vous \u00eates convaincu que nous avons collect\u00e9 des donn\u00e9es personnelles sur un mineur sans ce consentement, veuillez nous contacter \u00e0 l&rsquo;adresse info@hollandhuisje.nl et nous supprimerons ces informations.    <\/p><p><strong>Dans quel but et sur quelle base nous traitons les donn\u00e9es \u00e0 caract\u00e8re personnel<\/strong><\/p><p>Hollandhuisje traite vos donn\u00e9es personnelles aux fins suivantes :<\/p><ul><li>Traitement de votre paiement<\/li><li>vous appeler ou vous envoyer un courrier \u00e9lectronique si cela s&rsquo;av\u00e8re n\u00e9cessaire pour la mise en \u0153uvre de nos services<\/li><li>vous informer des modifications apport\u00e9es \u00e0 nos services et produits<\/li><li>Hollandhuisje traite \u00e9galement des donn\u00e9es personnelles si nous sommes l\u00e9galement oblig\u00e9s de le faire, comme les donn\u00e9es dont nous avons besoin pour notre d\u00e9claration d&rsquo;imp\u00f4ts.<\/li><\/ul><p> <\/p><p><strong>Prise de d\u00e9cision automatis\u00e9e<\/strong><\/p><p>Sur la base du traitement automatis\u00e9, Hollandhuisje ne prend aucune d\u00e9cision sur des questions qui pourraient affecter (de mani\u00e8re significative) les individus. Il s&rsquo;agit de d\u00e9cisions prises par des programmes ou des syst\u00e8mes informatiques, sans qu&rsquo;un \u00eatre humain (par exemple un employ\u00e9 de Hollandhuisje) ne soit impliqu\u00e9. <\/p><p><strong>Dur\u00e9e de conservation des donn\u00e9es personnelles<\/strong><\/p><p>Hollandhuisje ne conservera pas vos donn\u00e9es personnelles plus longtemps que ce qui est strictement n\u00e9cessaire pour atteindre les objectifs pour lesquels vos donn\u00e9es ont \u00e9t\u00e9 collect\u00e9es. Nous utilisons les p\u00e9riodes de conservation suivantes pour les (cat\u00e9gories de) donn\u00e9es personnelles suivantes : <\/p><ul><li>G\u00e9n\u00e9ralit\u00e9s : la dur\u00e9e de conservation n&rsquo;exc\u00e8de pas le temps strictement n\u00e9cessaire pour r\u00e9pondre et\/ou traiter votre demande\/question.<\/li><li>R\u00e9servation : p\u00e9riode de conservation d&rsquo;au moins 7 ans apr\u00e8s la r\u00e9servation finale (en raison d&rsquo;obligations administratives l\u00e9gales).<\/li><li>Bulletin d&rsquo;information : Conserv\u00e9 ind\u00e9finiment ou jusqu&rsquo;\u00e0 la demande de suppression.<\/li><\/ul><p><strong>Cookies, ou techniques similaires, que nous utilisons<\/strong><\/p><p>Hollandhuisje utilise uniquement des cookies techniques et fonctionnels. Et des cookies analytiques qui ne portent pas atteinte \u00e0 votre vie priv\u00e9e. Un cookie est un petit fichier texte qui est stock\u00e9 sur votre ordinateur, tablette ou smartphone lors de votre premi\u00e8re visite sur ce site web. Les cookies que nous utilisons sont n\u00e9cessaires au fonctionnement technique du site web et \u00e0 votre facilit\u00e9 d&rsquo;utilisation. Ils garantissent le bon fonctionnement du site web et, par exemple, m\u00e9morisent vos pr\u00e9f\u00e9rences. Ils nous permettent \u00e9galement d&rsquo;optimiser notre site web. Vous pouvez refuser les cookies en param\u00e9trant votre navigateur Internet de mani\u00e8re \u00e0 ce qu&rsquo;il ne stocke plus de cookies. Vous pouvez \u00e9galement supprimer toute information pr\u00e9c\u00e9demment stock\u00e9e via les param\u00e8tres de votre navigateur.       <\/p><p><strong>Google Analytics<\/strong><\/p><p>Hollandhuisje utilise Google Analytics pour collecter des donn\u00e9es qui permettent de mieux comprendre l&rsquo;utilisation du site Web. Les mesures suivantes ont \u00e9t\u00e9 prises pour rendre ces donn\u00e9es aussi anonymes que possible : <\/p><ul><li>Configuration de Google Analytics respectueuse de la vie priv\u00e9e<\/li><li>Accord de collaboration conclu avec Google<\/li><li>Les derniers chiffres de votre adresse IP sont masqu\u00e9s<\/li><\/ul><p>Google peut transmettre ces informations \u00e0 des tiers si Google en a l&rsquo;obligation l\u00e9gale ou si ces tiers traitent ces informations pour le compte de Google. Hollandhuisje n&rsquo;a aucune influence sur ce point. <\/p><p><strong>Visualiser, modifier ou supprimer des donn\u00e9es<\/strong><\/p><p>Vous avez le droit de consulter, de corriger ou de supprimer vos donn\u00e9es personnelles. En outre, vous avez le droit de retirer votre \u00e9ventuel consentement au traitement des donn\u00e9es ou de vous opposer au traitement de vos donn\u00e9es personnelles par Hollandhuisje et vous avez le droit \u00e0 la portabilit\u00e9 des donn\u00e9es. Cela signifie que vous pouvez nous demander d&rsquo;envoyer les donn\u00e9es personnelles que nous d\u00e9tenons \u00e0 votre sujet dans un fichier informatique \u00e0 vous-m\u00eame ou \u00e0 une autre organisation que vous aurez d\u00e9sign\u00e9e.  <\/p><p>Vous pouvez envoyer une demande d&rsquo;acc\u00e8s, de rectification, de suppression, de transfert de vos donn\u00e9es \u00e0 caract\u00e8re personnel ou demander la r\u00e9vocation de votre consentement ou de votre objection au traitement de vos donn\u00e9es \u00e0 caract\u00e8re personnel \u00e0 l&rsquo;adresse suivante <u><a href=\"mailto:info@hollandhuisje.nl\">info@hollandhuisje.nl<\/a><\/u> Afin de nous assurer que la demande d&rsquo;inspection est bien faite par vous, nous vous demandons d&rsquo;envoyer une copie de votre preuve d&rsquo;identit\u00e9 avec la demande. Dans cette copie, noircissez votre photo de passeport, la MRZ (zone de lecture automatique, la bande de chiffres au bas du passeport), le num\u00e9ro de passeport et le num\u00e9ro de service du citoyen (BSN). Ceci afin de prot\u00e9ger votre vie priv\u00e9e. Nous r\u00e9pondrons \u00e0 votre demande d\u00e8s que possible, mais dans un d\u00e9lai de quatre semaines.   <\/p><p>Hollandhuisje souhaite \u00e9galement vous informer que vous avez la possibilit\u00e9 de d\u00e9poser une plainte aupr\u00e8s de l&rsquo;autorit\u00e9 de contr\u00f4le nationale, l&rsquo;Autorit\u00e9 des donn\u00e9es personnelles. Vous pouvez le faire en cliquant sur le lien suivant <a href=\"https:\/\/autoriteitpersoonsgegevens.nl\/nl\/contact-met-de-autoriteit-persoonsgegevens\/tip-ons\">: https:\/\/autoriteitpersoonsgegevens.nl\/nl\/contact-met-de-autoriteit-persoonsgegevens\/tip-ons<\/a> <\/p><p><strong>Comment nous s\u00e9curisons les donn\u00e9es personnelles<\/strong><\/p><p>Hollandhuisje prend au s\u00e9rieux la protection de vos donn\u00e9es et prend des mesures appropri\u00e9es pour lutter contre les abus, les pertes, les acc\u00e8s non autoris\u00e9s, les divulgations non d\u00e9sir\u00e9es et les modifications non autoris\u00e9es. Si vous avez l&rsquo;impression que vos donn\u00e9es ne sont pas correctement s\u00e9curis\u00e9es ou qu&rsquo;il y a des indications d&rsquo;abus, veuillez contacter notre service client\u00e8le ou via <a href=\"mailto:info@hollandhuisje.nl\">info@hollandhuisje.nl<\/a>. <\/p>\t\t\t\t\t\t\t\t<\/div>\n\t\t\t\t<\/div>\n\t\t\t\t\t<\/div>\n\t\t\t\t<\/div>\n\t\t\t\t<\/div>\n\t\t","protected":false},"excerpt":{"rendered":"<p>Hollandhuisje, situ\u00e9 Driehuizen 3, 5081XD Hilvarenbeek, est responsable du traitement des donn\u00e9es personnelles tel que d\u00e9crit dans cette d\u00e9claration de confidentialit\u00e9. Coordonn\u00e9es :Hollandhuisje Driehuizen 3 5081 XD Hilvarenbeek KvK nr : 85355720 Num\u00e9ro de TVA : NL004086566B81 Donn\u00e9es personnelles que nous traitons Hollandhuisje traite vos donn\u00e9es personnelles parce que vous utilisez nos services et\/ou parce [&hellip;]<\/p>\n","protected":false},"author":1,"featured_media":0,"parent":0,"menu_order":0,"comment_status":"closed","ping_status":"closed","template":"","meta":{"footnotes":""},"class_list":["post-1068","page","type-page","status-publish","hentry"],"yoast_head":"<!-- This site is optimized with the Yoast SEO plugin v27.3 - https:\/\/yoast.com\/product\/yoast-seo-wordpress\/ -->\n<title>Politique de confidentialit\u00e9 - Holland Huisje<\/title>\n<meta name=\"robots\" content=\"index, follow, max-snippet:-1, max-image-preview:large, max-video-preview:-1\" \/>\n<meta property=\"og:locale\" content=\"fr_FR\" \/>\n<meta property=\"og:type\" content=\"article\" \/>\n<meta property=\"og:title\" content=\"Politique de confidentialit\u00e9 - Holland Huisje\" \/>\n<meta property=\"og:description\" content=\"Hollandhuisje, situ\u00e9 Driehuizen 3, 5081XD Hilvarenbeek, est responsable du traitement des donn\u00e9es personnelles tel que d\u00e9crit dans cette d\u00e9claration de confidentialit\u00e9. Coordonn\u00e9es :Hollandhuisje Driehuizen 3 5081 XD Hilvarenbeek KvK nr : 85355720 Num\u00e9ro de TVA : NL004086566B81 Donn\u00e9es personnelles que nous traitons Hollandhuisje traite vos donn\u00e9es personnelles parce que vous utilisez nos services et\/ou parce [&hellip;]\" \/>\n<meta property=\"og:url\" content=\"https:\/\/www.hollandhuisje.nl\/fr\/privacybeleid\/\" \/>\n<meta property=\"og:site_name\" content=\"Holland Huisje\" \/>\n<meta property=\"article:modified_time\" content=\"2025-02-14T15:00:25+00:00\" \/>\n<meta name=\"twitter:card\" content=\"summary_large_image\" \/>\n<meta name=\"twitter:label1\" content=\"Dur\u00e9e de lecture estim\u00e9e\" \/>\n\t<meta name=\"twitter:data1\" content=\"5 minutes\" \/>\n<script type=\"application\/ld+json\" class=\"yoast-schema-graph\">{\"@context\":\"https:\\\/\\\/schema.org\",\"@graph\":[{\"@type\":\"WebPage\",\"@id\":\"https:\\\/\\\/www.hollandhuisje.nl\\\/fr\\\/privacybeleid\\\/\",\"url\":\"https:\\\/\\\/www.hollandhuisje.nl\\\/fr\\\/privacybeleid\\\/\",\"name\":\"Politique de confidentialit\u00e9 - Holland Huisje\",\"isPartOf\":{\"@id\":\"https:\\\/\\\/www.hollandhuisje.nl\\\/#website\"},\"datePublished\":\"2025-01-14T10:49:07+00:00\",\"dateModified\":\"2025-02-14T15:00:25+00:00\",\"breadcrumb\":{\"@id\":\"https:\\\/\\\/www.hollandhuisje.nl\\\/fr\\\/privacybeleid\\\/#breadcrumb\"},\"inLanguage\":\"fr-FR\",\"potentialAction\":[{\"@type\":\"ReadAction\",\"target\":[\"https:\\\/\\\/www.hollandhuisje.nl\\\/fr\\\/privacybeleid\\\/\"]}]},{\"@type\":\"BreadcrumbList\",\"@id\":\"https:\\\/\\\/www.hollandhuisje.nl\\\/fr\\\/privacybeleid\\\/#breadcrumb\",\"itemListElement\":[{\"@type\":\"ListItem\",\"position\":1,\"name\":\"Home\",\"item\":\"https:\\\/\\\/www.hollandhuisje.nl\\\/fr\\\/verhuur-van-vakantiehuizen-zeeland-altea-hills-spanje-toscane\\\/\"},{\"@type\":\"ListItem\",\"position\":2,\"name\":\"Politique de confidentialit\u00e9\"}]},{\"@type\":\"WebSite\",\"@id\":\"https:\\\/\\\/www.hollandhuisje.nl\\\/#website\",\"url\":\"https:\\\/\\\/www.hollandhuisje.nl\\\/\",\"name\":\"Holland Huisje\",\"description\":\"\",\"publisher\":{\"@id\":\"https:\\\/\\\/www.hollandhuisje.nl\\\/#organization\"},\"potentialAction\":[{\"@type\":\"SearchAction\",\"target\":{\"@type\":\"EntryPoint\",\"urlTemplate\":\"https:\\\/\\\/www.hollandhuisje.nl\\\/?s={search_term_string}\"},\"query-input\":{\"@type\":\"PropertyValueSpecification\",\"valueRequired\":true,\"valueName\":\"search_term_string\"}}],\"inLanguage\":\"fr-FR\"},{\"@type\":\"Organization\",\"@id\":\"https:\\\/\\\/www.hollandhuisje.nl\\\/#organization\",\"name\":\"Holland Huisje\",\"url\":\"https:\\\/\\\/www.hollandhuisje.nl\\\/\",\"logo\":{\"@type\":\"ImageObject\",\"inLanguage\":\"fr-FR\",\"@id\":\"https:\\\/\\\/www.hollandhuisje.nl\\\/#\\\/schema\\\/logo\\\/image\\\/\",\"url\":\"https:\\\/\\\/www.hollandhuisje.nl\\\/wp-content\\\/uploads\\\/2026\\\/02\\\/logo.png\",\"contentUrl\":\"https:\\\/\\\/www.hollandhuisje.nl\\\/wp-content\\\/uploads\\\/2026\\\/02\\\/logo.png\",\"width\":390,\"height\":208,\"caption\":\"Holland Huisje\"},\"image\":{\"@id\":\"https:\\\/\\\/www.hollandhuisje.nl\\\/#\\\/schema\\\/logo\\\/image\\\/\"}}]}<\/script>\n<!-- \/ Yoast SEO plugin. -->","yoast_head_json":{"title":"Politique de confidentialit\u00e9 - Holland Huisje","robots":{"index":"index","follow":"follow","max-snippet":"max-snippet:-1","max-image-preview":"max-image-preview:large","max-video-preview":"max-video-preview:-1"},"og_locale":"fr_FR","og_type":"article","og_title":"Politique de confidentialit\u00e9 - Holland Huisje","og_description":"Hollandhuisje, situ\u00e9 Driehuizen 3, 5081XD Hilvarenbeek, est responsable du traitement des donn\u00e9es personnelles tel que d\u00e9crit dans cette d\u00e9claration de confidentialit\u00e9. Coordonn\u00e9es :Hollandhuisje Driehuizen 3 5081 XD Hilvarenbeek KvK nr : 85355720 Num\u00e9ro de TVA : NL004086566B81 Donn\u00e9es personnelles que nous traitons Hollandhuisje traite vos donn\u00e9es personnelles parce que vous utilisez nos services et\/ou parce [&hellip;]","og_url":"https:\/\/www.hollandhuisje.nl\/fr\/privacybeleid\/","og_site_name":"Holland Huisje","article_modified_time":"2025-02-14T15:00:25+00:00","twitter_card":"summary_large_image","twitter_misc":{"Dur\u00e9e de lecture estim\u00e9e":"5 minutes"},"schema":{"@context":"https:\/\/schema.org","@graph":[{"@type":"WebPage","@id":"https:\/\/www.hollandhuisje.nl\/fr\/privacybeleid\/","url":"https:\/\/www.hollandhuisje.nl\/fr\/privacybeleid\/","name":"Politique de confidentialit\u00e9 - Holland Huisje","isPartOf":{"@id":"https:\/\/www.hollandhuisje.nl\/#website"},"datePublished":"2025-01-14T10:49:07+00:00","dateModified":"2025-02-14T15:00:25+00:00","breadcrumb":{"@id":"https:\/\/www.hollandhuisje.nl\/fr\/privacybeleid\/#breadcrumb"},"inLanguage":"fr-FR","potentialAction":[{"@type":"ReadAction","target":["https:\/\/www.hollandhuisje.nl\/fr\/privacybeleid\/"]}]},{"@type":"BreadcrumbList","@id":"https:\/\/www.hollandhuisje.nl\/fr\/privacybeleid\/#breadcrumb","itemListElement":[{"@type":"ListItem","position":1,"name":"Home","item":"https:\/\/www.hollandhuisje.nl\/fr\/verhuur-van-vakantiehuizen-zeeland-altea-hills-spanje-toscane\/"},{"@type":"ListItem","position":2,"name":"Politique de confidentialit\u00e9"}]},{"@type":"WebSite","@id":"https:\/\/www.hollandhuisje.nl\/#website","url":"https:\/\/www.hollandhuisje.nl\/","name":"Holland Huisje","description":"","publisher":{"@id":"https:\/\/www.hollandhuisje.nl\/#organization"},"potentialAction":[{"@type":"SearchAction","target":{"@type":"EntryPoint","urlTemplate":"https:\/\/www.hollandhuisje.nl\/?s={search_term_string}"},"query-input":{"@type":"PropertyValueSpecification","valueRequired":true,"valueName":"search_term_string"}}],"inLanguage":"fr-FR"},{"@type":"Organization","@id":"https:\/\/www.hollandhuisje.nl\/#organization","name":"Holland Huisje","url":"https:\/\/www.hollandhuisje.nl\/","logo":{"@type":"ImageObject","inLanguage":"fr-FR","@id":"https:\/\/www.hollandhuisje.nl\/#\/schema\/logo\/image\/","url":"https:\/\/www.hollandhuisje.nl\/wp-content\/uploads\/2026\/02\/logo.png","contentUrl":"https:\/\/www.hollandhuisje.nl\/wp-content\/uploads\/2026\/02\/logo.png","width":390,"height":208,"caption":"Holland Huisje"},"image":{"@id":"https:\/\/www.hollandhuisje.nl\/#\/schema\/logo\/image\/"}}]}},"_links":{"self":[{"href":"https:\/\/www.hollandhuisje.nl\/fr\/wp-json\/wp\/v2\/pages\/1068","targetHints":{"allow":["GET"]}}],"collection":[{"href":"https:\/\/www.hollandhuisje.nl\/fr\/wp-json\/wp\/v2\/pages"}],"about":[{"href":"https:\/\/www.hollandhuisje.nl\/fr\/wp-json\/wp\/v2\/types\/page"}],"author":[{"embeddable":true,"href":"https:\/\/www.hollandhuisje.nl\/fr\/wp-json\/wp\/v2\/users\/1"}],"replies":[{"embeddable":true,"href":"https:\/\/www.hollandhuisje.nl\/fr\/wp-json\/wp\/v2\/comments?post=1068"}],"version-history":[{"count":1,"href":"https:\/\/www.hollandhuisje.nl\/fr\/wp-json\/wp\/v2\/pages\/1068\/revisions"}],"predecessor-version":[{"id":1070,"href":"https:\/\/www.hollandhuisje.nl\/fr\/wp-json\/wp\/v2\/pages\/1068\/revisions\/1070"}],"wp:attachment":[{"href":"https:\/\/www.hollandhuisje.nl\/fr\/wp-json\/wp\/v2\/media?parent=1068"}],"curies":[{"name":"wp","href":"https:\/\/api.w.org\/{rel}","templated":true}]}}