{"id":1086,"date":"2025-01-08T12:03:34","date_gmt":"2025-01-08T11:03:34","guid":{"rendered":"https:\/\/www.hollandhuisje.nl\/zeeland\/"},"modified":"2025-02-17T11:14:21","modified_gmt":"2025-02-17T10:14:21","slug":"zeeland","status":"publish","type":"page","link":"https:\/\/www.hollandhuisje.nl\/de\/omgeving\/zeeland\/","title":{"rendered":"Zeeland"},"content":{"rendered":"\t\t<div data-elementor-type=\"wp-page\" data-elementor-id=\"1086\" class=\"elementor elementor-1086 elementor-594\" data-elementor-post-type=\"page\">\n\t\t\t\t<div class=\"elementor-element elementor-element-2b46ffa2 e-flex e-con-boxed e-con e-parent\" data-id=\"2b46ffa2\" data-element_type=\"container\" data-e-type=\"container\" data-settings=\"{&quot;background_background&quot;:&quot;slideshow&quot;,&quot;shape_divider_bottom&quot;:&quot;waves&quot;,&quot;background_slideshow_gallery&quot;:[{&quot;id&quot;:618,&quot;url&quot;:&quot;https:\\\/\\\/www.hollandhuisje.nl\\\/wp-content\\\/uploads\\\/2025\\\/01\\\/IMG_0500-59-n_161029_@JG-Digital-Design_161029_@JG-Digital-Design.jpg&quot;},{&quot;id&quot;:852,&quot;url&quot;:&quot;https:\\\/\\\/www.hollandhuisje.nl\\\/wp-content\\\/uploads\\\/2025\\\/01\\\/DJI_0525_220714__220714_.jpg&quot;},{&quot;id&quot;:617,&quot;url&quot;:&quot;https:\\\/\\\/www.hollandhuisje.nl\\\/wp-content\\\/uploads\\\/2025\\\/01\\\/Zeeland-JG-Foto_8382_150925_@JG-Digital-Design_150925_@JG-Digital-Design.jpg&quot;},{&quot;id&quot;:855,&quot;url&quot;:&quot;https:\\\/\\\/www.hollandhuisje.nl\\\/wp-content\\\/uploads\\\/2025\\\/01\\\/Zeeland-JG-Foto_8268_150925_@JG-Digital-Design.de_150925_@JG-Digital-Design.de_.jpg&quot;},{&quot;id&quot;:854,&quot;url&quot;:&quot;https:\\\/\\\/www.hollandhuisje.nl\\\/wp-content\\\/uploads\\\/2025\\\/01\\\/Strand-Renesse-Urlaub-mit-Hund-scaled.jpeg&quot;},{&quot;id&quot;:853,&quot;url&quot;:&quot;https:\\\/\\\/www.hollandhuisje.nl\\\/wp-content\\\/uploads\\\/2025\\\/01\\\/iStock-1186780993.jpg&quot;},{&quot;id&quot;:851,&quot;url&quot;:&quot;https:\\\/\\\/www.hollandhuisje.nl\\\/wp-content\\\/uploads\\\/2025\\\/01\\\/4C6A1824-Kopie_220703_@JG-Digital-Design.jpg&quot;}],&quot;background_slideshow_loop&quot;:&quot;yes&quot;,&quot;background_slideshow_slide_duration&quot;:5000,&quot;background_slideshow_slide_transition&quot;:&quot;fade&quot;,&quot;background_slideshow_transition_duration&quot;:500}\">\n\t\t\t\t\t<div class=\"e-con-inner\">\n\t\t\t\t<div class=\"elementor-shape elementor-shape-bottom\" aria-hidden=\"true\" data-negative=\"false\">\n\t\t\t<svg xmlns=\"http:\/\/www.w3.org\/2000\/svg\" viewBox=\"0 0 1000 100\" preserveAspectRatio=\"none\">\n\t<path class=\"elementor-shape-fill\" d=\"M421.9,6.5c22.6-2.5,51.5,0.4,75.5,5.3c23.6,4.9,70.9,23.5,100.5,35.7c75.8,32.2,133.7,44.5,192.6,49.7\n\tc23.6,2.1,48.7,3.5,103.4-2.5c54.7-6,106.2-25.6,106.2-25.6V0H0v30.3c0,0,72,32.6,158.4,30.5c39.2-0.7,92.8-6.7,134-22.4\n\tc21.2-8.1,52.2-18.2,79.7-24.2C399.3,7.9,411.6,7.5,421.9,6.5z\"\/>\n<\/svg>\t\t<\/div>\n\t\t<div class=\"elementor-element elementor-element-306867f9 e-con-full e-flex e-con e-child\" data-id=\"306867f9\" data-element_type=\"container\" data-e-type=\"container\">\n\t\t\t\t<div class=\"elementor-element elementor-element-1e21e434 elementor-widget elementor-widget-heading\" data-id=\"1e21e434\" data-element_type=\"widget\" data-e-type=\"widget\" data-widget_type=\"heading.default\">\n\t\t\t\t<div class=\"elementor-widget-container\">\n\t\t\t\t\t<h2 class=\"elementor-heading-title elementor-size-default\">Zeeland<\/h2>\t\t\t\t<\/div>\n\t\t\t\t<\/div>\n\t\t\t\t<\/div>\n\t\t\t\t\t<\/div>\n\t\t\t\t<\/div>\n\t\t<div class=\"elementor-element elementor-element-41fb6807 e-flex e-con-boxed e-con e-parent\" data-id=\"41fb6807\" data-element_type=\"container\" data-e-type=\"container\" data-settings=\"{&quot;background_background&quot;:&quot;classic&quot;}\">\n\t\t\t\t\t<div class=\"e-con-inner\">\n\t\t\t\t<div class=\"elementor-element elementor-element-5f588ca2 elementor-widget elementor-widget-heading\" data-id=\"5f588ca2\" data-element_type=\"widget\" data-e-type=\"widget\" data-widget_type=\"heading.default\">\n\t\t\t\t<div class=\"elementor-widget-container\">\n\t\t\t\t\t<h2 class=\"elementor-heading-title elementor-size-default\">Strand und sch\u00f6ne Umgebung, das ist Zeeland<\/h2>\t\t\t\t<\/div>\n\t\t\t\t<\/div>\n\t\t\t\t<div class=\"elementor-element elementor-element-33f9fc6d elementor-widget elementor-widget-text-editor\" data-id=\"33f9fc6d\" data-element_type=\"widget\" data-e-type=\"widget\" data-widget_type=\"text-editor.default\">\n\t\t\t\t<div class=\"elementor-widget-container\">\n\t\t\t\t\t\t\t\t\t<div class=\"elementor-element elementor-element-2e0f5ef elementor-widget elementor-widget-text-editor\" data-id=\"2e0f5ef\" data-element_type=\"widget\" data-widget_type=\"text-editor.default\"><div class=\"elementor-widget-container\"><p>Wir fahren schon seit Jahren nach Zeeland und haben uns in die sch\u00f6ne Umgebung verliebt. Der breite, ruhige Strand l\u00e4dt zu langen Spazierg\u00e4ngen ein. Es gibt mehrere sch\u00f6ne Naturreservate und Sie k\u00f6nnen hier fantastische Radtouren unternehmen. Wir hoffen, dass Sie Zeeland genauso genie\u00dfen werden wie wir und geben Ihnen gerne viele tolle Ausflugstipps und verraten Ihnen unsere Lieblingsrestaurants. Es gibt so viel zu sehen und zu genie\u00dfen in Zeeland!    <\/p><\/div><\/div>\t\t\t\t\t\t\t\t<\/div>\n\t\t\t\t<\/div>\n\t\t\t\t\t<\/div>\n\t\t\t\t<\/div>\n\t\t<div class=\"elementor-element elementor-element-c294455 e-flex e-con-boxed e-con e-parent\" data-id=\"c294455\" data-element_type=\"container\" data-e-type=\"container\" data-settings=\"{&quot;background_background&quot;:&quot;classic&quot;}\">\n\t\t\t\t\t<div class=\"e-con-inner\">\n\t\t<div class=\"elementor-element elementor-element-74b97ef e-con-full e-flex e-con e-child\" data-id=\"74b97ef\" data-element_type=\"container\" data-e-type=\"container\" data-settings=\"{&quot;background_background&quot;:&quot;classic&quot;}\">\n\t\t\t\t<div class=\"elementor-element elementor-element-299687d elementor-widget elementor-widget-text-editor\" data-id=\"299687d\" data-element_type=\"widget\" data-e-type=\"widget\" data-widget_type=\"text-editor.default\">\n\t\t\t\t<div class=\"elementor-widget-container\">\n\t\t\t\t\t\t\t\t\t<p>Zeit zum Handeln!<\/p><p>Sagen Sie, was Sie tun m\u00f6chten, damit es so viel zu tun gibt, dass Sie sich nicht einen Moment langweilen werden.<\/p><p>Surfen, Kiten, Segeln, Tauchen, Klettern, Essen, Springen &#8230;&#8230;<\/p>\t\t\t\t\t\t\t\t<\/div>\n\t\t\t\t<\/div>\n\t\t\t\t<\/div>\n\t\t<div class=\"elementor-element elementor-element-0517056 e-con-full e-flex e-con e-child\" data-id=\"0517056\" data-element_type=\"container\" data-e-type=\"container\">\n\t\t\t\t<div class=\"elementor-element elementor-element-e0f9eb8 elementor-invisible elementor-widget elementor-widget-image\" data-id=\"e0f9eb8\" data-element_type=\"widget\" data-e-type=\"widget\" data-settings=\"{&quot;_animation&quot;:&quot;fadeIn&quot;}\" data-widget_type=\"image.default\">\n\t\t\t\t<div class=\"elementor-widget-container\">\n\t\t\t\t\t\t\t\t\t\t\t\t\t\t\t<img fetchpriority=\"high\" decoding=\"async\" width=\"800\" height=\"534\" src=\"https:\/\/www.hollandhuisje.nl\/wp-content\/uploads\/2025\/01\/Zeeland-JG-Foto_8360-2_150925_@JG-Digital-Design_150925_@JG-Digital-Design-1024x683.jpg\" class=\"attachment-large size-large wp-image-1271\" alt=\"\" srcset=\"https:\/\/www.hollandhuisje.nl\/wp-content\/uploads\/2025\/01\/Zeeland-JG-Foto_8360-2_150925_@JG-Digital-Design_150925_@JG-Digital-Design-1024x683.jpg 1024w, https:\/\/www.hollandhuisje.nl\/wp-content\/uploads\/2025\/01\/Zeeland-JG-Foto_8360-2_150925_@JG-Digital-Design_150925_@JG-Digital-Design-300x200.jpg 300w, https:\/\/www.hollandhuisje.nl\/wp-content\/uploads\/2025\/01\/Zeeland-JG-Foto_8360-2_150925_@JG-Digital-Design_150925_@JG-Digital-Design-768x512.jpg 768w, https:\/\/www.hollandhuisje.nl\/wp-content\/uploads\/2025\/01\/Zeeland-JG-Foto_8360-2_150925_@JG-Digital-Design_150925_@JG-Digital-Design-1536x1025.jpg 1536w, https:\/\/www.hollandhuisje.nl\/wp-content\/uploads\/2025\/01\/Zeeland-JG-Foto_8360-2_150925_@JG-Digital-Design_150925_@JG-Digital-Design.jpg 1920w\" sizes=\"(max-width: 800px) 100vw, 800px\" \/>\t\t\t\t\t\t\t\t\t\t\t\t\t\t\t<\/div>\n\t\t\t\t<\/div>\n\t\t\t\t<\/div>\n\t\t<div class=\"elementor-element elementor-element-9aac03d e-con-full e-flex e-con e-child\" data-id=\"9aac03d\" data-element_type=\"container\" data-e-type=\"container\" data-settings=\"{&quot;background_background&quot;:&quot;classic&quot;}\">\n\t\t\t\t<div class=\"elementor-element elementor-element-cc0743c elementor-widget elementor-widget-text-editor\" data-id=\"cc0743c\" data-element_type=\"widget\" data-e-type=\"widget\" data-widget_type=\"text-editor.default\">\n\t\t\t\t<div class=\"elementor-widget-container\">\n\t\t\t\t\t\t\t\t\t<p>Westerschouwen Forstwirtschaft<\/p><p>Ein wundersch\u00f6ner Wald mit vielen H\u00fcgeln und D\u00fcnen, in dem Sie stundenlang wandern, Mountainbike fahren, reiten und mit etwas Gl\u00fcck ein Reh sehen k\u00f6nnen!<\/p>\t\t\t\t\t\t\t\t<\/div>\n\t\t\t\t<\/div>\n\t\t\t\t<\/div>\n\t\t<div class=\"elementor-element elementor-element-c004feb e-con-full e-flex e-con e-child\" data-id=\"c004feb\" data-element_type=\"container\" data-e-type=\"container\">\n\t\t\t\t<div class=\"elementor-element elementor-element-26d7843 elementor-invisible elementor-widget elementor-widget-image\" data-id=\"26d7843\" data-element_type=\"widget\" data-e-type=\"widget\" data-settings=\"{&quot;_animation&quot;:&quot;fadeIn&quot;}\" data-widget_type=\"image.default\">\n\t\t\t\t<div class=\"elementor-widget-container\">\n\t\t\t\t\t\t\t\t\t\t\t\t\t\t\t<img decoding=\"async\" width=\"500\" height=\"332\" src=\"https:\/\/www.hollandhuisje.nl\/wp-content\/uploads\/2025\/01\/Zeeland-vakantiehuis-renesse.jpeg\" class=\"attachment-large size-large wp-image-1092\" alt=\"\" srcset=\"https:\/\/www.hollandhuisje.nl\/wp-content\/uploads\/2025\/01\/Zeeland-vakantiehuis-renesse.jpeg 500w, https:\/\/www.hollandhuisje.nl\/wp-content\/uploads\/2025\/01\/Zeeland-vakantiehuis-renesse-300x199.jpeg 300w\" sizes=\"(max-width: 500px) 100vw, 500px\" \/>\t\t\t\t\t\t\t\t\t\t\t\t\t\t\t<\/div>\n\t\t\t\t<\/div>\n\t\t\t\t<\/div>\n\t\t<div class=\"elementor-element elementor-element-a4bf7bf e-con-full e-flex e-con e-child\" data-id=\"a4bf7bf\" data-element_type=\"container\" data-e-type=\"container\">\n\t\t\t\t<div class=\"elementor-element elementor-element-9d07805 elementor-widget elementor-widget-text-editor\" data-id=\"9d07805\" data-element_type=\"widget\" data-e-type=\"widget\" data-widget_type=\"text-editor.default\">\n\t\t\t\t<div class=\"elementor-widget-container\">\n\t\t\t\t\t\t\t\t\t<p>Vergessen Sie Ihr Fernglas nicht!<\/p><p>Robbenbeobachtung vom Strand aus<\/p>\t\t\t\t\t\t\t\t<\/div>\n\t\t\t\t<\/div>\n\t\t\t\t<\/div>\n\t\t<div class=\"elementor-element elementor-element-b6ba49a e-con-full e-flex e-con e-child\" data-id=\"b6ba49a\" data-element_type=\"container\" data-e-type=\"container\">\n\t\t\t\t<div class=\"elementor-element elementor-element-0bdf642 elementor-invisible elementor-widget elementor-widget-image\" data-id=\"0bdf642\" data-element_type=\"widget\" data-e-type=\"widget\" data-settings=\"{&quot;_animation&quot;:&quot;fadeIn&quot;}\" data-widget_type=\"image.default\">\n\t\t\t\t<div class=\"elementor-widget-container\">\n\t\t\t\t\t\t\t\t\t\t\t\t\t\t\t<img decoding=\"async\" width=\"800\" height=\"534\" src=\"https:\/\/www.hollandhuisje.nl\/wp-content\/uploads\/2025\/01\/IMG_0500-59-n_161029_@JG-Digital-Design_161029_@JG-Digital-Design-1024x683.jpg\" class=\"attachment-large size-large wp-image-1269\" alt=\"\" srcset=\"https:\/\/www.hollandhuisje.nl\/wp-content\/uploads\/2025\/01\/IMG_0500-59-n_161029_@JG-Digital-Design_161029_@JG-Digital-Design-1024x683.jpg 1024w, https:\/\/www.hollandhuisje.nl\/wp-content\/uploads\/2025\/01\/IMG_0500-59-n_161029_@JG-Digital-Design_161029_@JG-Digital-Design-300x200.jpg 300w, https:\/\/www.hollandhuisje.nl\/wp-content\/uploads\/2025\/01\/IMG_0500-59-n_161029_@JG-Digital-Design_161029_@JG-Digital-Design-768x512.jpg 768w, https:\/\/www.hollandhuisje.nl\/wp-content\/uploads\/2025\/01\/IMG_0500-59-n_161029_@JG-Digital-Design_161029_@JG-Digital-Design-1536x1024.jpg 1536w, https:\/\/www.hollandhuisje.nl\/wp-content\/uploads\/2025\/01\/IMG_0500-59-n_161029_@JG-Digital-Design_161029_@JG-Digital-Design.jpg 1920w\" sizes=\"(max-width: 800px) 100vw, 800px\" \/>\t\t\t\t\t\t\t\t\t\t\t\t\t\t\t<\/div>\n\t\t\t\t<\/div>\n\t\t\t\t<\/div>\n\t\t\t\t\t<\/div>\n\t\t\t\t<\/div>\n\t\t<div class=\"elementor-element elementor-element-c87094a e-flex e-con-boxed e-con e-parent\" data-id=\"c87094a\" data-element_type=\"container\" data-e-type=\"container\" data-settings=\"{&quot;background_background&quot;:&quot;classic&quot;,&quot;shape_divider_bottom&quot;:&quot;waves&quot;}\">\n\t\t\t\t\t<div class=\"e-con-inner\">\n\t\t\t\t<div class=\"elementor-shape elementor-shape-bottom\" aria-hidden=\"true\" data-negative=\"false\">\n\t\t\t<svg xmlns=\"http:\/\/www.w3.org\/2000\/svg\" viewBox=\"0 0 1000 100\" preserveAspectRatio=\"none\">\n\t<path class=\"elementor-shape-fill\" d=\"M421.9,6.5c22.6-2.5,51.5,0.4,75.5,5.3c23.6,4.9,70.9,23.5,100.5,35.7c75.8,32.2,133.7,44.5,192.6,49.7\n\tc23.6,2.1,48.7,3.5,103.4-2.5c54.7-6,106.2-25.6,106.2-25.6V0H0v30.3c0,0,72,32.6,158.4,30.5c39.2-0.7,92.8-6.7,134-22.4\n\tc21.2-8.1,52.2-18.2,79.7-24.2C399.3,7.9,411.6,7.5,421.9,6.5z\"\/>\n<\/svg>\t\t<\/div>\n\t\t<div class=\"elementor-element elementor-element-1e45650 e-con-full e-flex e-con e-child\" data-id=\"1e45650\" data-element_type=\"container\" data-e-type=\"container\">\n\t\t\t\t<div class=\"elementor-element elementor-element-8bda7cb elementor-widget elementor-widget-text-editor\" data-id=\"8bda7cb\" data-element_type=\"widget\" data-e-type=\"widget\" data-widget_type=\"text-editor.default\">\n\t\t\t\t<div class=\"elementor-widget-container\">\n\t\t\t\t\t\t\t\t\t<p><br>Monumentalst\u00e4dte Gro\u00dfartiges Shopping, Kultur und kulinarischer Genuss von allem, was Zeeland zu bieten hat, in den Monumentalst\u00e4dten Zierikzee, Goes, Middelburg oder Veere<\/p>\t\t\t\t\t\t\t\t<\/div>\n\t\t\t\t<\/div>\n\t\t\t\t<\/div>\n\t\t<div class=\"elementor-element elementor-element-532df38 e-con-full e-flex e-con e-child\" data-id=\"532df38\" data-element_type=\"container\" data-e-type=\"container\">\n\t\t\t\t<div class=\"elementor-element elementor-element-100a60d elementor-invisible elementor-widget elementor-widget-image\" data-id=\"100a60d\" data-element_type=\"widget\" data-e-type=\"widget\" data-settings=\"{&quot;_animation&quot;:&quot;fadeIn&quot;}\" data-widget_type=\"image.default\">\n\t\t\t\t<div class=\"elementor-widget-container\">\n\t\t\t\t\t\t\t\t\t\t\t\t\t\t\t<img loading=\"lazy\" decoding=\"async\" width=\"800\" height=\"534\" src=\"https:\/\/www.hollandhuisje.nl\/wp-content\/uploads\/2025\/01\/iStock-1273285320-1024x683-1.jpg\" class=\"attachment-large size-large wp-image-1088\" alt=\"\" srcset=\"https:\/\/www.hollandhuisje.nl\/wp-content\/uploads\/2025\/01\/iStock-1273285320-1024x683-1.jpg 1024w, https:\/\/www.hollandhuisje.nl\/wp-content\/uploads\/2025\/01\/iStock-1273285320-1024x683-1-300x200.jpg 300w, https:\/\/www.hollandhuisje.nl\/wp-content\/uploads\/2025\/01\/iStock-1273285320-1024x683-1-768x512.jpg 768w\" sizes=\"(max-width: 800px) 100vw, 800px\" \/>\t\t\t\t\t\t\t\t\t\t\t\t\t\t\t<\/div>\n\t\t\t\t<\/div>\n\t\t\t\t<\/div>\n\t\t<div class=\"elementor-element elementor-element-12584d9 e-con-full e-flex e-con e-child\" data-id=\"12584d9\" data-element_type=\"container\" data-e-type=\"container\">\n\t\t\t\t<div class=\"elementor-element elementor-element-25cf244 elementor-align-center elementor-widget elementor-widget-button\" data-id=\"25cf244\" data-element_type=\"widget\" data-e-type=\"widget\" data-widget_type=\"button.default\">\n\t\t\t\t<div class=\"elementor-widget-container\">\n\t\t\t\t\t\t\t\t\t<div class=\"elementor-button-wrapper\">\n\t\t\t\t\t<a class=\"elementor-button elementor-button-link elementor-size-sm\" href=\"https:\/\/www.hollandhuisje.nl\/de\/reservierungen\/\">\n\t\t\t\t\t\t<span class=\"elementor-button-content-wrapper\">\n\t\t\t\t\t\t\t\t\t<span class=\"elementor-button-text\">Online buchen<\/span>\n\t\t\t\t\t<\/span>\n\t\t\t\t\t<\/a>\n\t\t\t\t<\/div>\n\t\t\t\t\t\t\t\t<\/div>\n\t\t\t\t<\/div>\n\t\t\t\t<\/div>\n\t\t\t\t\t<\/div>\n\t\t\t\t<\/div>\n\t\t\t\t<\/div>\n\t\t","protected":false},"excerpt":{"rendered":"<p>Strand und sch\u00f6ne Umgebung, das ist Zeeland Wir fahren schon seit Jahren nach Zeeland und haben uns in die sch\u00f6ne Umgebung verliebt. Der breite, ruhige Strand l\u00e4dt zu langen Spazierg\u00e4ngen ein. Es gibt mehrere sch\u00f6ne Naturreservate und Sie k\u00f6nnen hier fantastische Radtouren unternehmen. Wir hoffen, dass Sie Zeeland genauso genie\u00dfen werden wie wir und geben [&hellip;]<\/p>\n","protected":false},"author":1,"featured_media":0,"parent":1266,"menu_order":0,"comment_status":"closed","ping_status":"closed","template":"","meta":{"footnotes":""},"class_list":["post-1086","page","type-page","status-publish","hentry"],"yoast_head":"<!-- This site is optimized with the Yoast SEO plugin v27.3 - https:\/\/yoast.com\/product\/yoast-seo-wordpress\/ -->\n<title>Zeeland - Holland Huisje<\/title>\n<meta name=\"robots\" content=\"index, follow, max-snippet:-1, max-image-preview:large, max-video-preview:-1\" \/>\n<meta property=\"og:locale\" content=\"de_DE\" \/>\n<meta property=\"og:type\" content=\"article\" \/>\n<meta property=\"og:title\" content=\"Zeeland - Holland Huisje\" \/>\n<meta property=\"og:description\" content=\"Strand und sch\u00f6ne Umgebung, das ist Zeeland Wir fahren schon seit Jahren nach Zeeland und haben uns in die sch\u00f6ne Umgebung verliebt. Der breite, ruhige Strand l\u00e4dt zu langen Spazierg\u00e4ngen ein. Es gibt mehrere sch\u00f6ne Naturreservate und Sie k\u00f6nnen hier fantastische Radtouren unternehmen. Wir hoffen, dass Sie Zeeland genauso genie\u00dfen werden wie wir und geben [&hellip;]\" \/>\n<meta property=\"og:url\" content=\"https:\/\/www.hollandhuisje.nl\/de\/omgeving\/zeeland\/\" \/>\n<meta property=\"og:site_name\" content=\"Holland Huisje\" \/>\n<meta property=\"article:modified_time\" content=\"2025-02-17T10:14:21+00:00\" \/>\n<meta property=\"og:image\" content=\"https:\/\/www.hollandhuisje.nl\/wp-content\/uploads\/2025\/01\/Zeeland-JG-Foto_8360-2_150925_@JG-Digital-Design_150925_@JG-Digital-Design.jpg\" \/>\n\t<meta property=\"og:image:width\" content=\"1920\" \/>\n\t<meta property=\"og:image:height\" content=\"1281\" \/>\n\t<meta property=\"og:image:type\" content=\"image\/jpeg\" \/>\n<meta name=\"twitter:card\" content=\"summary_large_image\" \/>\n<meta name=\"twitter:label1\" content=\"Gesch\u00e4tzte Lesezeit\" \/>\n\t<meta name=\"twitter:data1\" content=\"3\u00a0Minuten\" \/>\n<script type=\"application\/ld+json\" class=\"yoast-schema-graph\">{\"@context\":\"https:\\\/\\\/schema.org\",\"@graph\":[{\"@type\":\"WebPage\",\"@id\":\"https:\\\/\\\/www.hollandhuisje.nl\\\/de\\\/omgeving\\\/zeeland\\\/\",\"url\":\"https:\\\/\\\/www.hollandhuisje.nl\\\/de\\\/omgeving\\\/zeeland\\\/\",\"name\":\"Zeeland - Holland Huisje\",\"isPartOf\":{\"@id\":\"https:\\\/\\\/www.hollandhuisje.nl\\\/#website\"},\"primaryImageOfPage\":{\"@id\":\"https:\\\/\\\/www.hollandhuisje.nl\\\/de\\\/omgeving\\\/zeeland\\\/#primaryimage\"},\"image\":{\"@id\":\"https:\\\/\\\/www.hollandhuisje.nl\\\/de\\\/omgeving\\\/zeeland\\\/#primaryimage\"},\"thumbnailUrl\":\"https:\\\/\\\/www.hollandhuisje.nl\\\/wp-content\\\/uploads\\\/2025\\\/01\\\/Zeeland-JG-Foto_8360-2_150925_@JG-Digital-Design_150925_@JG-Digital-Design-1024x683.jpg\",\"datePublished\":\"2025-01-08T11:03:34+00:00\",\"dateModified\":\"2025-02-17T10:14:21+00:00\",\"breadcrumb\":{\"@id\":\"https:\\\/\\\/www.hollandhuisje.nl\\\/de\\\/omgeving\\\/zeeland\\\/#breadcrumb\"},\"inLanguage\":\"de\",\"potentialAction\":[{\"@type\":\"ReadAction\",\"target\":[\"https:\\\/\\\/www.hollandhuisje.nl\\\/de\\\/omgeving\\\/zeeland\\\/\"]}]},{\"@type\":\"ImageObject\",\"inLanguage\":\"de\",\"@id\":\"https:\\\/\\\/www.hollandhuisje.nl\\\/de\\\/omgeving\\\/zeeland\\\/#primaryimage\",\"url\":\"https:\\\/\\\/www.hollandhuisje.nl\\\/wp-content\\\/uploads\\\/2025\\\/01\\\/Zeeland-JG-Foto_8360-2_150925_@JG-Digital-Design_150925_@JG-Digital-Design-1024x683.jpg\",\"contentUrl\":\"https:\\\/\\\/www.hollandhuisje.nl\\\/wp-content\\\/uploads\\\/2025\\\/01\\\/Zeeland-JG-Foto_8360-2_150925_@JG-Digital-Design_150925_@JG-Digital-Design-1024x683.jpg\"},{\"@type\":\"BreadcrumbList\",\"@id\":\"https:\\\/\\\/www.hollandhuisje.nl\\\/de\\\/omgeving\\\/zeeland\\\/#breadcrumb\",\"itemListElement\":[{\"@type\":\"ListItem\",\"position\":1,\"name\":\"Home\",\"item\":\"https:\\\/\\\/www.hollandhuisje.nl\\\/de\\\/verhuur-van-vakantiehuizen-zeeland-altea-hills-spanje-toscane\\\/\"},{\"@type\":\"ListItem\",\"position\":2,\"name\":\"Umgebungen\",\"item\":\"https:\\\/\\\/www.hollandhuisje.nl\\\/de\\\/omgeving\\\/\"},{\"@type\":\"ListItem\",\"position\":3,\"name\":\"Zeeland\"}]},{\"@type\":\"WebSite\",\"@id\":\"https:\\\/\\\/www.hollandhuisje.nl\\\/#website\",\"url\":\"https:\\\/\\\/www.hollandhuisje.nl\\\/\",\"name\":\"Holland Huisje\",\"description\":\"\",\"publisher\":{\"@id\":\"https:\\\/\\\/www.hollandhuisje.nl\\\/#organization\"},\"potentialAction\":[{\"@type\":\"SearchAction\",\"target\":{\"@type\":\"EntryPoint\",\"urlTemplate\":\"https:\\\/\\\/www.hollandhuisje.nl\\\/?s={search_term_string}\"},\"query-input\":{\"@type\":\"PropertyValueSpecification\",\"valueRequired\":true,\"valueName\":\"search_term_string\"}}],\"inLanguage\":\"de\"},{\"@type\":\"Organization\",\"@id\":\"https:\\\/\\\/www.hollandhuisje.nl\\\/#organization\",\"name\":\"Holland Huisje\",\"url\":\"https:\\\/\\\/www.hollandhuisje.nl\\\/\",\"logo\":{\"@type\":\"ImageObject\",\"inLanguage\":\"de\",\"@id\":\"https:\\\/\\\/www.hollandhuisje.nl\\\/#\\\/schema\\\/logo\\\/image\\\/\",\"url\":\"https:\\\/\\\/www.hollandhuisje.nl\\\/wp-content\\\/uploads\\\/2026\\\/02\\\/logo.png\",\"contentUrl\":\"https:\\\/\\\/www.hollandhuisje.nl\\\/wp-content\\\/uploads\\\/2026\\\/02\\\/logo.png\",\"width\":390,\"height\":208,\"caption\":\"Holland Huisje\"},\"image\":{\"@id\":\"https:\\\/\\\/www.hollandhuisje.nl\\\/#\\\/schema\\\/logo\\\/image\\\/\"}}]}<\/script>\n<!-- \/ Yoast SEO plugin. -->","yoast_head_json":{"title":"Zeeland - Holland Huisje","robots":{"index":"index","follow":"follow","max-snippet":"max-snippet:-1","max-image-preview":"max-image-preview:large","max-video-preview":"max-video-preview:-1"},"og_locale":"de_DE","og_type":"article","og_title":"Zeeland - Holland Huisje","og_description":"Strand und sch\u00f6ne Umgebung, das ist Zeeland Wir fahren schon seit Jahren nach Zeeland und haben uns in die sch\u00f6ne Umgebung verliebt. Der breite, ruhige Strand l\u00e4dt zu langen Spazierg\u00e4ngen ein. Es gibt mehrere sch\u00f6ne Naturreservate und Sie k\u00f6nnen hier fantastische Radtouren unternehmen. Wir hoffen, dass Sie Zeeland genauso genie\u00dfen werden wie wir und geben [&hellip;]","og_url":"https:\/\/www.hollandhuisje.nl\/de\/omgeving\/zeeland\/","og_site_name":"Holland Huisje","article_modified_time":"2025-02-17T10:14:21+00:00","og_image":[{"width":1920,"height":1281,"url":"https:\/\/www.hollandhuisje.nl\/wp-content\/uploads\/2025\/01\/Zeeland-JG-Foto_8360-2_150925_@JG-Digital-Design_150925_@JG-Digital-Design.jpg","type":"image\/jpeg"}],"twitter_card":"summary_large_image","twitter_misc":{"Gesch\u00e4tzte Lesezeit":"3\u00a0Minuten"},"schema":{"@context":"https:\/\/schema.org","@graph":[{"@type":"WebPage","@id":"https:\/\/www.hollandhuisje.nl\/de\/omgeving\/zeeland\/","url":"https:\/\/www.hollandhuisje.nl\/de\/omgeving\/zeeland\/","name":"Zeeland - Holland Huisje","isPartOf":{"@id":"https:\/\/www.hollandhuisje.nl\/#website"},"primaryImageOfPage":{"@id":"https:\/\/www.hollandhuisje.nl\/de\/omgeving\/zeeland\/#primaryimage"},"image":{"@id":"https:\/\/www.hollandhuisje.nl\/de\/omgeving\/zeeland\/#primaryimage"},"thumbnailUrl":"https:\/\/www.hollandhuisje.nl\/wp-content\/uploads\/2025\/01\/Zeeland-JG-Foto_8360-2_150925_@JG-Digital-Design_150925_@JG-Digital-Design-1024x683.jpg","datePublished":"2025-01-08T11:03:34+00:00","dateModified":"2025-02-17T10:14:21+00:00","breadcrumb":{"@id":"https:\/\/www.hollandhuisje.nl\/de\/omgeving\/zeeland\/#breadcrumb"},"inLanguage":"de","potentialAction":[{"@type":"ReadAction","target":["https:\/\/www.hollandhuisje.nl\/de\/omgeving\/zeeland\/"]}]},{"@type":"ImageObject","inLanguage":"de","@id":"https:\/\/www.hollandhuisje.nl\/de\/omgeving\/zeeland\/#primaryimage","url":"https:\/\/www.hollandhuisje.nl\/wp-content\/uploads\/2025\/01\/Zeeland-JG-Foto_8360-2_150925_@JG-Digital-Design_150925_@JG-Digital-Design-1024x683.jpg","contentUrl":"https:\/\/www.hollandhuisje.nl\/wp-content\/uploads\/2025\/01\/Zeeland-JG-Foto_8360-2_150925_@JG-Digital-Design_150925_@JG-Digital-Design-1024x683.jpg"},{"@type":"BreadcrumbList","@id":"https:\/\/www.hollandhuisje.nl\/de\/omgeving\/zeeland\/#breadcrumb","itemListElement":[{"@type":"ListItem","position":1,"name":"Home","item":"https:\/\/www.hollandhuisje.nl\/de\/verhuur-van-vakantiehuizen-zeeland-altea-hills-spanje-toscane\/"},{"@type":"ListItem","position":2,"name":"Umgebungen","item":"https:\/\/www.hollandhuisje.nl\/de\/omgeving\/"},{"@type":"ListItem","position":3,"name":"Zeeland"}]},{"@type":"WebSite","@id":"https:\/\/www.hollandhuisje.nl\/#website","url":"https:\/\/www.hollandhuisje.nl\/","name":"Holland Huisje","description":"","publisher":{"@id":"https:\/\/www.hollandhuisje.nl\/#organization"},"potentialAction":[{"@type":"SearchAction","target":{"@type":"EntryPoint","urlTemplate":"https:\/\/www.hollandhuisje.nl\/?s={search_term_string}"},"query-input":{"@type":"PropertyValueSpecification","valueRequired":true,"valueName":"search_term_string"}}],"inLanguage":"de"},{"@type":"Organization","@id":"https:\/\/www.hollandhuisje.nl\/#organization","name":"Holland Huisje","url":"https:\/\/www.hollandhuisje.nl\/","logo":{"@type":"ImageObject","inLanguage":"de","@id":"https:\/\/www.hollandhuisje.nl\/#\/schema\/logo\/image\/","url":"https:\/\/www.hollandhuisje.nl\/wp-content\/uploads\/2026\/02\/logo.png","contentUrl":"https:\/\/www.hollandhuisje.nl\/wp-content\/uploads\/2026\/02\/logo.png","width":390,"height":208,"caption":"Holland Huisje"},"image":{"@id":"https:\/\/www.hollandhuisje.nl\/#\/schema\/logo\/image\/"}}]}},"_links":{"self":[{"href":"https:\/\/www.hollandhuisje.nl\/de\/wp-json\/wp\/v2\/pages\/1086","targetHints":{"allow":["GET"]}}],"collection":[{"href":"https:\/\/www.hollandhuisje.nl\/de\/wp-json\/wp\/v2\/pages"}],"about":[{"href":"https:\/\/www.hollandhuisje.nl\/de\/wp-json\/wp\/v2\/types\/page"}],"author":[{"embeddable":true,"href":"https:\/\/www.hollandhuisje.nl\/de\/wp-json\/wp\/v2\/users\/1"}],"replies":[{"embeddable":true,"href":"https:\/\/www.hollandhuisje.nl\/de\/wp-json\/wp\/v2\/comments?post=1086"}],"version-history":[{"count":5,"href":"https:\/\/www.hollandhuisje.nl\/de\/wp-json\/wp\/v2\/pages\/1086\/revisions"}],"predecessor-version":[{"id":1349,"href":"https:\/\/www.hollandhuisje.nl\/de\/wp-json\/wp\/v2\/pages\/1086\/revisions\/1349"}],"up":[{"embeddable":true,"href":"https:\/\/www.hollandhuisje.nl\/de\/wp-json\/wp\/v2\/pages\/1266"}],"wp:attachment":[{"href":"https:\/\/www.hollandhuisje.nl\/de\/wp-json\/wp\/v2\/media?parent=1086"}],"curies":[{"name":"wp","href":"https:\/\/api.w.org\/{rel}","templated":true}]}}